{"id":188,"date":"2015-01-17T11:33:33","date_gmt":"2015-01-17T11:33:33","guid":{"rendered":"http:\/\/shamay.eu\/?page_id=188"},"modified":"2015-10-16T12:24:37","modified_gmt":"2015-10-16T12:24:37","slug":"coaching","status":"publish","type":"page","link":"http:\/\/shamay.eu\/es\/testimonials\/coaching\/","title":{"rendered":"De coaching de salud"},"content":{"rendered":"<p><\/p>\n<p><p>\u00abTuve mi primera sesi\u00f3n gratuita de coaching de salud con Tisha en diciembre de 2014. Ya en esa sesi\u00f3n inicial tuve una profunda aclaraci\u00f3n y comprensi\u00f3n acerca de mi forma de comer, que yo cre\u00eda que era vegetariana pero result\u00f3 ser &#8216;almidoniana&#8217;. Me sent\u00ed profundamente inspirada por Tisha para escuchar las necesidades de mi cuerpo, y la sesi\u00f3n destap\u00f3 mi creatividad en la cocina. Ahora incorporo mucha m\u00e1s variaci\u00f3n en mi dieta con verduras y prote\u00ednas, colores y sabores, y me siento mucho mejor acerca de mi salud y mi forma de comer\u00bb.<br \/>\n          Andrea, Malm\u00f6<\/p>\n<\/p>\n<p><\/p>","protected":false},"excerpt":{"rendered":"<p>\u00abTuve mi primera sesi\u00f3n gratuita de coaching de salud con Tisha en diciembre de 2014. Ya en esa sesi\u00f3n inicial tuve una profunda aclaraci\u00f3n y comprensi\u00f3n acerca de mi forma de comer, que yo cre\u00eda que era vegetariana&#8230; <a class=\"read-more\" href=\"http:\/\/shamay.eu\/es\/testimonials\/coaching\/\">Leer m\u00e1s<\/a><\/p>\n","protected":false},"author":2,"featured_media":0,"parent":182,"menu_order":0,"comment_status":"open","ping_status":"open","template":"template-full.php","meta":{"footnotes":""},"_links":{"self":[{"href":"http:\/\/shamay.eu\/es\/wp-json\/wp\/v2\/pages\/188"}],"collection":[{"href":"http:\/\/shamay.eu\/es\/wp-json\/wp\/v2\/pages"}],"about":[{"href":"http:\/\/shamay.eu\/es\/wp-json\/wp\/v2\/types\/page"}],"author":[{"embeddable":true,"href":"http:\/\/shamay.eu\/es\/wp-json\/wp\/v2\/users\/2"}],"replies":[{"embeddable":true,"href":"http:\/\/shamay.eu\/es\/wp-json\/wp\/v2\/comments?post=188"}],"version-history":[{"count":7,"href":"http:\/\/shamay.eu\/es\/wp-json\/wp\/v2\/pages\/188\/revisions"}],"predecessor-version":[{"id":567,"href":"http:\/\/shamay.eu\/es\/wp-json\/wp\/v2\/pages\/188\/revisions\/567"}],"up":[{"embeddable":true,"href":"http:\/\/shamay.eu\/es\/wp-json\/wp\/v2\/pages\/182"}],"wp:attachment":[{"href":"http:\/\/shamay.eu\/es\/wp-json\/wp\/v2\/media?parent=188"}],"curies":[{"name":"wp","href":"https:\/\/api.w.org\/{rel}","templated":true}]}}