{"id":42,"date":"2015-01-15T09:12:15","date_gmt":"2015-01-15T09:12:15","guid":{"rendered":"http:\/\/shamay.eu\/?page_id=42"},"modified":"2015-10-24T14:04:32","modified_gmt":"2015-10-24T14:04:32","slug":"mayni","status":"publish","type":"page","link":"http:\/\/shamay.eu\/es\/mayni\/","title":{"rendered":"Qui\u00e9n es Mayni"},"content":{"rendered":"<div class=\"fb-page\" data-href=\"https:\/\/www.facebook.com\/Mayni.ReikiAlliance\" data-small-header=\"false\" data-adapt-container-width=\"true\" data-hide-cover=\"false\" data-show-facepile=\"true\" data-show-posts=\"false\">\n<div class=\"fb-xfbml-parse-ignore\">\n<blockquote cite=\"https:\/\/www.facebook.com\/Mayni.ReikiAlliance\"><p><a href=\"https:\/\/www.facebook.com\/Mayni.ReikiAlliance\">Mayni<\/a><\/p><\/blockquote>\n<\/div>\n<\/div>\n<p>\u00a1Bienvenidos!<\/p>\n<p>Me llaman Mayni aunque mi nombre oficial es Cristina Aceves.<\/p>\n<p>Nac\u00ed en Rosario (Argentina) y he vivido despu\u00e9s en Buenos Aires, Barcelona, Palma de Mallorca y Madrid.<\/p>\n<p>Estudi\u00e9 los seis a\u00f1os de la carrera de Arquitectura, y ejerc\u00ed como arquitecta durante 22 a\u00f1os. Investigu\u00e9 las formas alternativas de la arquitectura (l\u00edneas de Hartmann, factores de forma de Rudolph Steiner, Feng Shui, etc). Dado que mi hija naci\u00f3 con Fibrosis qu\u00edstica, me fui formando\u00a0en m\u00faltiples aspectos de la medicina natural, en mi\u00a0b\u00fasqueda de formas de sanaci\u00f3n (a trav\u00e9s de la m\u00fasica, de las gemas, etc.).<\/p>\n<p>En 1986 hice primer grado del Sistema Usui de Sanaci\u00f3n de Reiki con Anugama Marg, en Hamburgo, Alemania, lo cual probablemente me convierte en\u00a0la primera practicante de Reiki en Espa\u00f1a. En 1987 hice segundo grado, y decid\u00ed ser maestra hacia 1991. Quise dejar una profesi\u00f3n socialmente aceptada y admirada (la de Arquitecta) por compartir este regalo del cielo que es poder conectarse con el centro de tu ser. En 1993 complet\u00e9 la maestr\u00eda con Anugama en Hamburgo.<\/p>\n<p>Desde entonces ense\u00f1o Reiki donde me\u00a0llaman. Imparto cursos regularmente en Espa\u00f1a (Madrid, Palma de Mallorca y Soller, Galicia, Segovia, Gran Canaria) y puntualmente en Argentina (Rosario, C\u00f3rdoba y Jujuy), Alemania (Berl\u00edn) y ahora con mayor frecuencia en Malm\u00f6 (Suecia).<\/p>\n<p>Soy\u00a0miembro de <a href=\"http:\/\/reikialliance.com\" target=\"_blank\">The Reiki Alliance<\/a> (organizaci\u00f3n internacional que mantiene el sistema en su estado de pureza original) desde 1993. Los maestros de la TRA residentes en Espa\u00f1a, que hasta 1999 se hab\u00edan reun\u00eddo informalmente, decidieron formar una agrupaci\u00f3n para defender las patentes (del nombre Reiki, Usui Shiki Ryoho, y el kanji &#8211; nombre de Reiki escrito en japon\u00e9s). Esta organizaci\u00f3n se llama <a href=\"http:\/\/reiki.es\" target=\"_blank\">Comunidad de Maestros de Reiki de Espa\u00f1a<\/a> y est\u00e1 compuesta por maestros comprometidos a seguir el sistema de Usui Shiki Ryoho, pertenezcan o no a The Reiki Alliance. Yo fui\u00a0uno de los miembros fundadores de la CMR.<\/p>\n<p><strong>Estudios y Actividades de Mayni:<\/strong><\/p>\n<ul>\n<li>Arquitecta Superior (urbanismo, edificaci\u00f3n, paisajismo) por la Facultad de Rosario, Argentina<\/li>\n<li>Doctorado de Arquitectura en Barcelona, Espa\u00f1a<\/li>\n<li>Investigadora de Energ\u00eda Solar y Ahorro Energ\u00e9tico para UNESA-INI<\/li>\n<li>Estudios de Formas de Sanaci\u00f3n de los antiguos Rosacruces en San Jos\u00e9, California (EEUU).<\/li>\n<li>Los tres cursos y dos a\u00f1os de trabajo voluntario subsiguiente con El Tel\u00e9fono de la Esperanza<\/li>\n<li>Socio fundador de \u00abAmigos de la Opera\u00bb en Palma de Mallorca.<\/li>\n<li>Primer y Segundo Grado\u00a0de Reiki, y luego Maestr\u00eda, con Anugama Marg<\/li>\n<li>Estudios de Digitopuntura, masaje y magnetismo con Jos\u00e9 Cardona<\/li>\n<li>Cursos de Musicosophia con Uwe Fricke y George Balan, entre otros (22 cursos en Alemania y Espa\u00f1a)<\/li>\n<li>Yoga con Swami Pranabananda Saraswati<\/li>\n<li>Tai Chi &#8211; Chi Kung con la dra. Soong Tzyy Mien<\/li>\n<li>Dos niveles de gemosof\u00eda(sanaci\u00f3n y meditaci\u00f3n con cristales), nivel I y II de mandalas, y 9 meses de meditaciones con la drusa, con Francisco Bostr\u00f6m. Autorizada por \u00e9l para ense\u00f1ar nivel 1<\/li>\n<li>Estudios de Canto de Arm\u00f3nicos, Monocordio y Cuencos Tibetanos con Nestor Kornblum y Michele Averard<\/li>\n<li>Estudios de Feng Shui con H\u00e9ctor Andino y Guillermo Minetti<\/li>\n<li>Cursos y pr\u00e1cticas de Regresiones conscientes con la psic\u00f3loga Cristina Alegre<\/li>\n<li>Sanaci\u00f3n con poliedros plat\u00f3nicos con Santiago Rojas<\/li>\n<li>Autodidacta e investigadora en otros m\u00faltiples campos.<\/li>\n<\/ul>","protected":false},"excerpt":{"rendered":"<p>Mayni \u00a1Bienvenidos! Me llaman Mayni aunque mi nombre oficial es Cristina Aceves. Nac\u00ed en Rosario (Argentina) y he vivido despu\u00e9s en Buenos Aires, Barcelona, Palma de Mallorca y Madrid. Estudi\u00e9 los seis a\u00f1os de la carrera de Arquitectura,&#8230; <a class=\"read-more\" href=\"http:\/\/shamay.eu\/es\/mayni\/\">Leer m\u00e1s<\/a><\/p>\n","protected":false},"author":1,"featured_media":291,"parent":0,"menu_order":0,"comment_status":"open","ping_status":"open","template":"template-full.php","meta":{"footnotes":""},"_links":{"self":[{"href":"http:\/\/shamay.eu\/es\/wp-json\/wp\/v2\/pages\/42"}],"collection":[{"href":"http:\/\/shamay.eu\/es\/wp-json\/wp\/v2\/pages"}],"about":[{"href":"http:\/\/shamay.eu\/es\/wp-json\/wp\/v2\/types\/page"}],"author":[{"embeddable":true,"href":"http:\/\/shamay.eu\/es\/wp-json\/wp\/v2\/users\/1"}],"replies":[{"embeddable":true,"href":"http:\/\/shamay.eu\/es\/wp-json\/wp\/v2\/comments?post=42"}],"version-history":[{"count":11,"href":"http:\/\/shamay.eu\/es\/wp-json\/wp\/v2\/pages\/42\/revisions"}],"predecessor-version":[{"id":576,"href":"http:\/\/shamay.eu\/es\/wp-json\/wp\/v2\/pages\/42\/revisions\/576"}],"wp:featuredmedia":[{"embeddable":true,"href":"http:\/\/shamay.eu\/es\/wp-json\/wp\/v2\/media\/291"}],"wp:attachment":[{"href":"http:\/\/shamay.eu\/es\/wp-json\/wp\/v2\/media?parent=42"}],"curies":[{"name":"wp","href":"https:\/\/api.w.org\/{rel}","templated":true}]}}