{"id":46,"date":"2015-01-15T09:15:15","date_gmt":"2015-01-15T09:15:15","guid":{"rendered":"http:\/\/shamay.eu\/?page_id=46"},"modified":"2016-10-29T14:07:03","modified_gmt":"2016-10-29T14:07:03","slug":"reiki","status":"publish","type":"page","link":"http:\/\/shamay.eu\/es\/reiki\/","title":{"rendered":"\u00bbNuestro Reiki\u00bb"},"content":{"rendered":"Tuvimos la suerte de aprender Reiki cuando reci\u00e9n lleg\u00f3 a Europa, cuando solo hab\u00eda un \u00fanico \u00abtipo\u00bb de Reiki. Nuestra maestra, Anugama Marg, fue <a href=\"http:\/\/shamay.eu\/wp-content\/uploads\/2015\/01\/reiki.bmp\"><img loading=\"lazy\" decoding=\"async\" width=\"149\" height=\"194\" class=\"size-full wp-image-569 alignright\" src=\"http:\/\/shamay.eu\/wp-content\/uploads\/2015\/01\/reiki.bmp\" alt=\"reiki\" \/><\/a>la primera maestra de Reiki iniciada en Europa (la primera maestra de Reiki europea, Brigitte M\u00fcller, fue iniciada en EE.UU.).<\/p>\n<p style=\"text-align: center;\"><a href=\"http:\/\/shamay.eu\/wp-content\/uploads\/2015\/01\/Mayni_Anugama_Tisha.jpg\"><img loading=\"lazy\" decoding=\"async\" width=\"300\" height=\"295\" class=\"aligncenter size-medium wp-image-439\" src=\"http:\/\/shamay.eu\/wp-content\/uploads\/2015\/01\/Mayni_Anugama_Tisha-300x295.jpg\" alt=\"???????????????????????????????\" srcset=\"http:\/\/shamay.eu\/wp-content\/uploads\/2015\/01\/Mayni_Anugama_Tisha-300x295.jpg 300w, http:\/\/shamay.eu\/wp-content\/uploads\/2015\/01\/Mayni_Anugama_Tisha.jpg 865w\" sizes=\"(max-width: 300px) 100vw, 300px\" \/><\/a><\/p>\n<p><em>Foto: Mayni, Anugama y Tisha en 2011.<\/em><\/p>\n<p><a title=\"Who is Mayni\" href=\"http:\/\/shamay.eu\/es\/mayni\/\">Mayni<\/a> aprendi\u00f3 Primer Grado en 1986, Segundo Grado en 1987, y complet\u00f3 su maestr\u00eda en 1993, dejando atr\u00e1s una carrera de \u00e9xito como arquitecta para dedicarse a ense\u00f1ar.<\/p>\n<p>Tisha aprendi\u00f3 Primer Grado en 1987 y Segundo Grado en 1991.<\/p>\n<p>Reiki (El Sistema Usui de Sanaci\u00f3n de Reiki (R)) es una forma espec\u00edfica de canalizar la energ\u00eda del universo (Ki, Chi, Prana, Nous, Kau&#8217;sai, Ruaj dependiendo de la cultura, esa \u00abenerg\u00eda de luz y amor que mueve el universo\u00bb) y usarla para una sanaci\u00f3n profunda del cuerpo f\u00edsico, incluidas las causas de la enfermedad, y tambi\u00e9n de la mente, emociones, bloqueos espirituales. Se percibe de forma relajante, iluminadora y da una profunda sensaci\u00f3n de paz y bienestar.<\/p>\n<p>Incluimos Reiki en nuestros tratamientos (puedes leer acerca de ellos espec\u00edficamente bajo Tratamientos) y tambi\u00e9n ofrecemos <a href=\"http:\/\/shamay.eu\/es\/treatments\/reiki\/\">tratamientos de solamente Reiki<\/a>.<\/p>\n<p>Mayni tambi\u00e9n ense\u00f1a cursos de Reiki, ofreciendo primero una charla gratuita. Como maestra, pertenece a The Reiki Alliance, de modo que ense\u00f1a Usui Shiki Ryoho (ver \u00ab<a href=\"http:\/\/shamay.eu\/reiki\/9-points\/\" target=\"_blank\">Los 9 puntos de la forma<\/a>\u00bb que definen el sistema, o el <a href=\"http:\/\/shamay.eu\/es\/2015\/10\/26\/usui-shiki-ryoho\/\" target=\"_blank\">art\u00edculo de blog<\/a> que escribimos explic\u00e1ndolo).<\/p>\n<p>Puedes leer m\u00e1s sobre Reiki accediendo a los diferentes submen\u00fas del men\u00fa \u00abReiki\u00bb (en la barra de arriba). \u00a1Por supuesto que tambi\u00e9n nos puedes escribir con preguntas!","protected":false},"excerpt":{"rendered":"<p>Tuvimos la suerte de aprender Reiki cuando reci\u00e9n lleg\u00f3 a Europa, cuando solo hab\u00eda un \u00fanico \u00abtipo\u00bb de Reiki. Nuestra maestra, Anugama Marg, fue la primera maestra de Reiki iniciada en Europa (la primera maestra de Reiki europea,&#8230; <a class=\"read-more\" href=\"http:\/\/shamay.eu\/es\/reiki\/\">Leer m\u00e1s<\/a><\/p>\n","protected":false},"author":1,"featured_media":0,"parent":0,"menu_order":0,"comment_status":"open","ping_status":"open","template":"template-full.php","meta":{"footnotes":""},"_links":{"self":[{"href":"http:\/\/shamay.eu\/es\/wp-json\/wp\/v2\/pages\/46"}],"collection":[{"href":"http:\/\/shamay.eu\/es\/wp-json\/wp\/v2\/pages"}],"about":[{"href":"http:\/\/shamay.eu\/es\/wp-json\/wp\/v2\/types\/page"}],"author":[{"embeddable":true,"href":"http:\/\/shamay.eu\/es\/wp-json\/wp\/v2\/users\/1"}],"replies":[{"embeddable":true,"href":"http:\/\/shamay.eu\/es\/wp-json\/wp\/v2\/comments?post=46"}],"version-history":[{"count":17,"href":"http:\/\/shamay.eu\/es\/wp-json\/wp\/v2\/pages\/46\/revisions"}],"predecessor-version":[{"id":1013,"href":"http:\/\/shamay.eu\/es\/wp-json\/wp\/v2\/pages\/46\/revisions\/1013"}],"wp:attachment":[{"href":"http:\/\/shamay.eu\/es\/wp-json\/wp\/v2\/media?parent=46"}],"curies":[{"name":"wp","href":"https:\/\/api.w.org\/{rel}","templated":true}]}}