{"id":509,"date":"2015-10-14T09:09:13","date_gmt":"2015-10-14T09:09:13","guid":{"rendered":"http:\/\/shamay.eu\/?page_id=509"},"modified":"2015-11-09T14:07:45","modified_gmt":"2015-11-09T14:07:45","slug":"usui-system-of-reiki-healing","status":"publish","type":"page","link":"http:\/\/shamay.eu\/es\/reiki\/usui-system-of-reiki-healing\/","title":{"rendered":"Sistema Usui de Sanaci\u00f3n  de Reiki"},"content":{"rendered":"<p align=\"left\">Mayni es maestra de Reiki de \u00ab<a href=\"http:\/\/shamay.eu\/2015\/10\/26\/usui-shiki-ryoho\/\" target=\"_blank\">The Reiki Alliance<\/a>\u00ab, una organizaci\u00f3n mundial de maestros que siguen el sistema del Dr. Usui, manteni\u00e9ndolo en su estado de pureza original.<a href=\"http:\/\/shamay.eu\/wp-content\/uploads\/2015\/01\/reiki.bmp\"><img loading=\"lazy\" decoding=\"async\" width=\"149\" height=\"194\" class=\"size-full wp-image-569 alignright\" src=\"http:\/\/shamay.eu\/wp-content\/uploads\/2015\/01\/reiki.bmp\" alt=\"reiki\" \/><\/a><\/p>\n<p align=\"left\"><strong>\u00bfQu\u00e9 es Reiki?<\/strong><\/p>\n<p align=\"left\">Reiki es la palabra japonesa que significa aproximadamente \u00abLa energ\u00eda de Luz y Amor que mueve el universo\u00bb.<\/p>\n<p align=\"left\">Reiki no es una religi\u00f3n ni la reemplaza. Hay practicantes de Reiki de todas las religiones, y tambi\u00e9n los hay que no profesan ninguna denominaci\u00f3n espec\u00edfica. Es un sistema de sanaci\u00f3n y crecimiento personal, complementario de la medicina tradicional alop\u00e1tica.<\/p>\n<p align=\"left\"><strong>\u00bfQue Sana el Sistema Usui?<\/strong><\/p>\n<p align=\"left\">El Sistema Usui de Sanaci\u00f3n Natural (Usui Shiki Ryoho, en japon\u00e9s) no sana enfermedades sino gente, y sana a todos los niveles del Ser: Espiritual, Mental, Emocional y F\u00edsico (o sea, no solamente una enfermedad puntual sino a la persona entera).<\/p>\n<p align=\"left\"><strong>\u00bfEn qu\u00e9 consiste el Sistema Usui?<\/strong><\/p>\n<p align=\"left\">Para estar correctamente iniciado en Reiki, tu maestro tiene que ser un maestro correctamente iniciado y entrenado como tal, y adem\u00e1s, debe conocer y cumplir con\u00a0<a title=\"9 Points\" href=\"http:\/\/shamay.eu\/reiki\/9-points\/\">los 9 Puntos de la Forma.<\/a><\/p>\n<p align=\"left\"><strong>\u00bfQu\u00e9 se puede hacer con Reiki?<\/strong><\/p>\n<p align=\"left\">Con primer grado puedes hacerte Reiki a ti mismo, a la gente que tienes cerca, a tus animales y plantas&#8230; Tambi\u00e9n puedes hacerle Reiki a la comida (para quitarle los efectos nocivos de la qu\u00edmica agregada) o a los medicamentos (para eliminar sus efectos secundarios). El curso dura aproximadamente 18 horas.<\/p>\n<p align=\"left\">A m\u00ed personalmente me gusta que las primeras tres horas del curso (donde relato la historia de Reiki, o sea c\u00f3mo surgi\u00f3 y c\u00f3mo yo llegu\u00e9 a \u00e9l, adem\u00e1s de los principios) sea abierto. As\u00ed la gente puede venir, aprender m\u00e1s, y luego si quieren se quedan, y si no, tan amigos.<\/p>\n<p align=\"left\">Con segundo grado puedes sanar situaciones del pasado o mandarle luz a una situaci\u00f3n del futuro (un examen, una operaci\u00f3n&#8230;) para que salga bien. Puedes ayudar a alguien que est\u00e1 lejos. Puedes cambiar patrones negativos de pensamiento. Puedes comunicarte con diferentes niveles de conciencia. Y cientos de usos m\u00e1s.\u00a0 El curso dura aproximadamente 18 horas.<\/p>\n<p align=\"left\">Convendr\u00eda aclarar que esto son 18 horas de informaci\u00f3n te\u00f3rica y pr\u00e1cticas &#8211; no es que \u00abse tarde 18 horas en aprender\u00bb sino que dispongo de 18 horas de material para compartir.<\/p>\n<p align=\"left\">Yo (Mayni) trabajo como maestra (ense\u00f1ando Reiki) y tambi\u00e9n como practicante (trat\u00e1ndome a m\u00ed misma y dando tratamientos individuales).<\/p>\n<p align=\"left\"><strong>\u00bfC\u00f3mo se hace?<\/strong><\/p>\n<p align=\"left\">Una vez que has sido iniciado, siguiendo los 9 puntos de la forma, est\u00e1s listo para practicar. En primer lugar contigo mismo. Apoyas suavemente las manos y sale la energ\u00eda. Con primer grado no es necesario estar concentrado para hacer Reiki, y cualquiera puede hacerlo, independientemente de la edad (a partir de los 7 a\u00f1os aproximadamente) o el nivel de estudios. No hace falta tener ninguna habilidad previa.<\/p>\n<p align=\"left\">En segundo grado se usan unos s\u00edmbolos y sonidos sagrados para trascender el espacio y el tiempo. El poder es directamente proporcional a la reverencia con la que se usan.<\/p>\n<p align=\"left\"><strong>\u00bfC\u00f3mo reconocer\u00e9 a un maestro de Usui Shiki Rioho?<\/strong><\/p>\n<p align=\"left\">Parte de los \u00abrequisitos\u00bb de un maestro de The Reiki Alliance es no hacer propaganda. Esto causa muchas confusiones, ya que hay much\u00edsima gente haciendo propaganda en este momento. Por lo general, la \u00fanica propaganda de un curso \u00abverdadero\u00bb es alg\u00fan cartelito en una herborister\u00eda o en la consulta de un alumno. El prop\u00f3sito de esta web es informar. Tambi\u00e9n puede usted comprobar si se est\u00e1n siguiendo los\u00a0<a title=\"9 Points\" href=\"http:\/\/shamay.eu\/reiki\/9-points\/\">9 puntos de la forma<\/a>.<\/p>\n<p align=\"left\">Reiki no es un negocio. Se necesita un m\u00ednimo de tiempo de pr\u00e1ctica de tres meses entre primero y segundo grado, aunque se aconseja que el tiempo sea mayor. Del mismo modo, la maestr\u00eda no es un curso sino un proceso de 1 a 3 a\u00f1os al lado de un maestro, comenzando como m\u00ednimo despu\u00e9s de 6 meses de pr\u00e1ctica de 2\u00ba grado.<\/p>\n<p align=\"left\">En cualquier \u00e1mbito de la vida, profesi\u00f3n o actividad, llegar a un nivel de poder ense\u00f1ar algo requiere de un extenso proceso previo de aprendizaje y asimilaci\u00f3n.<\/p>\n<p align=\"left\"><strong>\u00bfQu\u00e9 pasa si aprendo Reiki con un maestro no preparado?<\/strong><\/p>\n<p align=\"left\">Si uno aprende con un maestro pizzero, aprender\u00e1 a hacer pizzas. Si uno aprende con un peluquero, podr\u00e1 aprender peluquer\u00eda. Si el maestro de Reiki no es tal maestro&#8230; no es Reiki lo que uno aprende.<\/p>\n<p align=\"left\"><strong>Reiki NO ES MANIPULABLE. S\u00f3lo puede ser usado para el bien mayor de todas las personas implicadas.\u00a0<\/strong><\/p>","protected":false},"excerpt":{"rendered":"<p>Mayni es maestra de Reiki de \u00abThe Reiki Alliance\u00ab, una organizaci\u00f3n mundial de maestros que siguen el sistema del Dr. Usui, manteni\u00e9ndolo en su estado de pureza original. \u00bfQu\u00e9 es Reiki? Reiki es la palabra japonesa que significa&#8230; <a class=\"read-more\" href=\"http:\/\/shamay.eu\/es\/reiki\/usui-system-of-reiki-healing\/\">Leer m\u00e1s<\/a><\/p>\n","protected":false},"author":3,"featured_media":0,"parent":46,"menu_order":0,"comment_status":"open","ping_status":"closed","template":"template-full.php","meta":{"footnotes":""},"_links":{"self":[{"href":"http:\/\/shamay.eu\/es\/wp-json\/wp\/v2\/pages\/509"}],"collection":[{"href":"http:\/\/shamay.eu\/es\/wp-json\/wp\/v2\/pages"}],"about":[{"href":"http:\/\/shamay.eu\/es\/wp-json\/wp\/v2\/types\/page"}],"author":[{"embeddable":true,"href":"http:\/\/shamay.eu\/es\/wp-json\/wp\/v2\/users\/3"}],"replies":[{"embeddable":true,"href":"http:\/\/shamay.eu\/es\/wp-json\/wp\/v2\/comments?post=509"}],"version-history":[{"count":5,"href":"http:\/\/shamay.eu\/es\/wp-json\/wp\/v2\/pages\/509\/revisions"}],"predecessor-version":[{"id":676,"href":"http:\/\/shamay.eu\/es\/wp-json\/wp\/v2\/pages\/509\/revisions\/676"}],"up":[{"embeddable":true,"href":"http:\/\/shamay.eu\/es\/wp-json\/wp\/v2\/pages\/46"}],"wp:attachment":[{"href":"http:\/\/shamay.eu\/es\/wp-json\/wp\/v2\/media?parent=509"}],"curies":[{"name":"wp","href":"https:\/\/api.w.org\/{rel}","templated":true}]}}