{"id":525,"date":"2015-10-14T09:47:16","date_gmt":"2015-10-14T09:47:16","guid":{"rendered":"http:\/\/shamay.eu\/?page_id=525"},"modified":"2015-10-26T17:34:36","modified_gmt":"2015-10-26T17:34:36","slug":"9-points","status":"publish","type":"page","link":"http:\/\/shamay.eu\/es\/reiki\/9-points\/","title":{"rendered":"9 Puntos de la Forma"},"content":{"rendered":"<strong>Phyllis Lei Furumoto, la gran maestra de The Reiki Alliance, defini\u00f3 los Nueve Puntos de la Forma que caracterizan el Sistema Usui de Sanaci\u00f3n Natural. Si no est\u00e1n presentes, lo que se ense\u00f1a no es, por definici\u00f3n, Reiki.<a href=\"http:\/\/shamay.eu\/wp-content\/uploads\/2015\/01\/reiki.bmp\"><img loading=\"lazy\" decoding=\"async\" width=\"149\" height=\"194\" class=\"size-full wp-image-569 alignright\" src=\"http:\/\/shamay.eu\/wp-content\/uploads\/2015\/01\/reiki.bmp\" alt=\"reiki\" \/><\/a><\/strong><\/p>\n<p>&nbsp;<\/p>\n<p><strong>Historia<\/strong>, dentro de las cuatro sesiones en que se realiza primer grado, el maestro cuenta su historia (como lleg\u00f3 a conocer el Sistema Usui y los motivos que hizo que dejara su profesi\u00f3n para aceptar convertirse en un vagabundo del planeta, e ir a ense\u00f1ar all\u00ed donde se le necesite). Y cuenta tambi\u00e9n la historia de transmisi\u00f3n oral del USUI SHIKI RYOHO, o sea, el Sistema Usui de Sanaci\u00f3n de Reiki.<\/p>\n<p><strong>Linaje<\/strong>, contamos a los alumnos como lleg\u00f3 la energ\u00eda desde el Dr.Usui hasta ellos (normalmente del Dr. Usui al Dr. Hayashi, de \u00e9l a la Sra. Takata y despu\u00e9s a veces a trav\u00e9s de Phyllis o de otro maestro iniciado en la maestr\u00eda por ella, lo importante es que la cadena no se haya roto por ninguna parte). Esto tambi\u00e9n significa que un maestro tiene que ser maestro \u00abde verdad\u00bb (entrenado como maestro por un maestro cualificado) y haber ense\u00f1ado varios a\u00f1os (o sea, haber caminado el camino que dice conocer) antes de pretender ense\u00f1arlo.<\/p>\n<ul>\n<li>\n<p style=\"text-align: center;\"><a href=\"http:\/\/shamay.eu\/wp-content\/uploads\/2015\/10\/linaje_cut.jpg\"><img loading=\"lazy\" decoding=\"async\" width=\"300\" height=\"156\" class=\"aligncenter size-medium wp-image-561\" src=\"http:\/\/shamay.eu\/wp-content\/uploads\/2015\/10\/linaje_cut-300x156.jpg\" alt=\"Reiki Lineage of Mayni\" srcset=\"http:\/\/shamay.eu\/wp-content\/uploads\/2015\/10\/linaje_cut-300x156.jpg 300w, http:\/\/shamay.eu\/wp-content\/uploads\/2015\/10\/linaje_cut.jpg 626w\" sizes=\"(max-width: 300px) 100vw, 300px\" \/><\/a><\/p>\n<\/li>\n<\/ul>\n<p>&nbsp;<\/p>\n<p style=\"text-align: center;\"><em>Linaje de Mayni: Dr. Usui -&gt; Dr. Hayashi -&gt; Mrs. Takata -&gt; Phyllis Lei Furumoto -&gt; Anugama H. Marg -&gt; Mayni<\/em><\/p>\n<p>&nbsp;<\/p>\n<p><strong>Principios<\/strong>; estos se explicar\u00e1n a los alumnos en el curso.<\/p>\n<ul>\n<li><em>Solo por hoy, no te preocupes<\/em><\/li>\n<li><em>Solo por hoy, no te enfades<\/em><\/li>\n<li><em>Honra a tus padres, maestros y mayores<\/em><\/li>\n<li><em>G\u00e1nate la vida honradamente<\/em><\/li>\n<li><em>Demuestra gratitud hacia todo ser vivo<\/em><\/li>\n<\/ul>\n<p><strong><a href=\"http:\/\/www.youtube.com\/playlist?list=PLPlLXkcYURQ7kb5RztFRJSMRqXmlzhLNZ\" target=\"_blank\">Aqu\u00ed<\/a>\u00a0 <\/strong>puedes ver videos de Mayni explicando los principios brevemente.<\/p>\n<p>&nbsp;<\/p>\n<p><strong>Transmisi\u00f3n Oral<\/strong>,\u00a0 todos los libros o publicaciones sobre el Sistema Usui, incluida esta p\u00e1gina, son la opini\u00f3n de la persona que la escribe, con su grado de evoluci\u00f3n en el momento de escribirla. La Esencia, como la m\u00fasica, no se puede transmitir mediante palabras escritas. Al estar frente a frente se puede percibir la energ\u00eda de la que se habla, como dice el zorro al Principito: \u00abLo esencial es invisible a los ojos, solo se ve bien con el coraz\u00f3n\u00bb. Se explica a los alumnos que Reiki es un sistema \u00abde boca a oreja\u00bb y presencial.<\/p>\n<p><strong>Iniciaciones<\/strong>, hay 4 Iniciaciones individuales en Primer Grado, 1 Iniciaci\u00f3n individual en Segundo Grado, 1 Iniciaci\u00f3n individual en la Maestr\u00eda*.<\/p>\n<p><strong>S\u00edmbolos y sonidos sagrados<\/strong>, en Segundo Grado se aprenden tres s\u00edmbolos con sus mantras. Con ellos se puede hacer Reiki a distancia, a trav\u00e9s del tiempo, para comunicarse con diferentes niveles de conciencia, y un sinn\u00famero de aplicaciones pr\u00e1cticas.<\/p>\n<p><strong>Compromiso econ\u00f3mico<\/strong>, los precios los fij\u00f3 la Sra. Takata Sensei junto con su maestro, el Dr. Hayashi en la d\u00e9cada de los 20 del siglo pasado. Deben ser un m\u00ednimo de 150 d\u00f3lares americanos Primer grado, 500 d\u00f3lares Segundo grado y 10.000 d\u00f3lares la Maestr\u00eda. Al entrar en el Euro se fijaron los precios en euros para Europa, aunque en algunos pa\u00edses se cobra un precio m\u00e1s elevado. Los tratamientos tambi\u00e9n deben ser cobrados, pero su precio cambia seg\u00fan el costo de vida de la poblaci\u00f3n en que se trabaja as\u00ed como la experiencia del practicante.<\/p>\n<p><strong>Forma de los tratamientos<\/strong>. Tambi\u00e9n est\u00e1 definida en el sistema y as\u00ed se ense\u00f1a durante el curso.<\/p>\n<p><strong>\u00c9tica<\/strong>,\u00a0 nos comprometemos a guardar absolutamente privado lo que conozcamos de la persona que tratamos. No decimos \u00abyo cur\u00e9\u00bb o \u00abyo san\u00e9\u00bb. Reiki es el que sana, en todos los niveles del Ser. Reiki es el que sabe que es lo m\u00e1s adecuado para cada uno. Las bases \u00e9ticas se dejan muy claras durante el curso.<\/p>\n<p>*: Con segundo grado tengo todas las herramientas necesarias para mi vida y mi mundo. La maestr\u00eda no es para obtener m\u00e1s \u00abpoder\u00bb: sirve solamente para ense\u00f1ar. La maestr\u00eda no es un curso de fin de semana, sino un proceso individual que dura entre varios meses y varios a\u00f1os, luego de un m\u00ednimo de pr\u00e1ctica de 1 a\u00f1o despu\u00e9s de Segundo Grado.<\/p>\n<p>Puedes leer una\u00a0explicaci\u00f3n m\u00e1s profunda de The Reiki Alliance sobre los <a href=\"http:\/\/reikialliance.com\/es\/article\/usui-shiki-ryoho\" target=\"_blank\">Nueve Puntos de la Forma del Sistema Usui Shiki Ryoho en su p\u00e1gina web<\/a>.","protected":false},"excerpt":{"rendered":"<p>Phyllis Lei Furumoto, la gran maestra de The Reiki Alliance, defini\u00f3 los Nueve Puntos de la Forma que caracterizan el Sistema Usui de Sanaci\u00f3n Natural. Si no est\u00e1n presentes, lo que se ense\u00f1a no es, por definici\u00f3n, Reiki&#8230;. <a class=\"read-more\" href=\"http:\/\/shamay.eu\/es\/reiki\/9-points\/\">Leer m\u00e1s<\/a><\/p>\n","protected":false},"author":3,"featured_media":0,"parent":46,"menu_order":0,"comment_status":"open","ping_status":"open","template":"template-full.php","meta":{"footnotes":""},"_links":{"self":[{"href":"http:\/\/shamay.eu\/es\/wp-json\/wp\/v2\/pages\/525"}],"collection":[{"href":"http:\/\/shamay.eu\/es\/wp-json\/wp\/v2\/pages"}],"about":[{"href":"http:\/\/shamay.eu\/es\/wp-json\/wp\/v2\/types\/page"}],"author":[{"embeddable":true,"href":"http:\/\/shamay.eu\/es\/wp-json\/wp\/v2\/users\/3"}],"replies":[{"embeddable":true,"href":"http:\/\/shamay.eu\/es\/wp-json\/wp\/v2\/comments?post=525"}],"version-history":[{"count":12,"href":"http:\/\/shamay.eu\/es\/wp-json\/wp\/v2\/pages\/525\/revisions"}],"predecessor-version":[{"id":586,"href":"http:\/\/shamay.eu\/es\/wp-json\/wp\/v2\/pages\/525\/revisions\/586"}],"up":[{"embeddable":true,"href":"http:\/\/shamay.eu\/es\/wp-json\/wp\/v2\/pages\/46"}],"wp:attachment":[{"href":"http:\/\/shamay.eu\/es\/wp-json\/wp\/v2\/media?parent=525"}],"curies":[{"name":"wp","href":"https:\/\/api.w.org\/{rel}","templated":true}]}}