{"id":535,"date":"2015-10-14T14:41:34","date_gmt":"2015-10-14T14:41:34","guid":{"rendered":"http:\/\/shamay.eu\/?page_id=535"},"modified":"2015-10-27T09:19:17","modified_gmt":"2015-10-27T09:19:17","slug":"network","status":"publish","type":"page","link":"http:\/\/shamay.eu\/es\/about-us\/network\/","title":{"rendered":"Red"},"content":{"rendered":"<div align=\"center\">\n<p style=\"text-align: left;\"><strong><a href=\"http:\/\/shamay.eu\/es\/mayni\/\" target=\"_blank\">Mayni<\/a>\u00a0<\/strong>ense\u00f1a con regularidad en Espa\u00f1a: Madrid, Baleares\u00a0(Palma de Mallorca\u00a0y\u00a0S\u00f3ller), Galicia (Orense, A Coru\u00f1a), y Suecia (Malm\u00f6). Cursos m\u00e1s puntuales en Cuenca, Barcelona, Segovia,\u00a0y las Islas Canarias\u00a0(Las Palmas, Tenerife), adem\u00e1s de en Argentina (Rosario, C\u00f3rdoba y Jujuy) y Estados Unidos (Utah). Si hay un curso de 8 o m\u00e1s alumnos, puede viajar a ense\u00f1ar a tu ciudad.<\/p>\n<p style=\"text-align: center;\"><strong><em>Maestros iniciados por Mayni (por el orden en que fueron iniciados)<\/em><\/strong><\/p>\n<ul>\n<li style=\"text-align: left;\"><em><strong>Paloma Carbonell<\/strong>, miembro de\u00a0The Reiki Alliance. Vive en\u00a0Guadalajara\/Madrid y ense\u00f1a tambi\u00e9n en otra provincias. Su tel\u00e9fono es\u00a0686 88 58 35 y su\u00a0email:\u00a0<span id=\"cloak90650\"><a href=\"mailto:paloma_carbonell@yahoo.es\">paloma_carbonell@yahoo.es<\/a><\/span>\u00a0Web: <a href=\"http:\/\/paloma-reikialliance.com\" target=\"_blank\">http:\/\/paloma-reikialliance.com<\/a>\u00a0<\/em><\/li>\n<li style=\"text-align: left;\"><em><strong>Lola Zapatero<\/strong>, miembro de\u00a0The Reiki Alliance. Vive en Alcobendas (Madrid). Tel\u00e9fono\u00a0650 43 90 72 y\u00a0email\u00a0<span id=\"cloak37107\"><a href=\"mailto:lozapatero@telefonica.net\">lozapatero@telefonica.net<\/a>.<\/span>\u00a0Habla espa\u00f1ol y alem\u00e1n (sie spricht Deutsch).<\/em><\/li>\n<li style=\"text-align: left;\"><em><strong>Esther Rodr\u00edguez Camacho<\/strong>, miembro de\u00a0The Reiki Alliance. Vive en\u00a0Madrid y ense\u00f1a tanto all\u00ed como en\u00a0Cuenca. Habla espa\u00f1ol e ingl\u00e9s. Tel\u00e9fono\u00a0618 609 209\u00a0Email:\u00a0<span class=\"Estilo21\"><span id=\"cloak25271\"><a href=\"mailto:correo@esther-reikialliance.com\">correo@esther-reikialliance.com<\/a><\/span>\u00a0W<\/span>eb:\u00a0<a href=\"http:\/\/esther-reikialliance.com\/\">http:\/\/esther-reikialliance.com<\/a>.<\/em><\/li>\n<li style=\"text-align: left;\"><em><strong>Eva Mar\u00eda Casillas<\/strong>, miembro de\u00a0The Reiki Alliance. Habla espa\u00f1ol e ingl\u00e9s. Tel\u00e9fonos: 637 390 995 y\u00a0986 15 21 59. Email:\u00a0<span id=\"cloak55800\"><a href=\"mailto:reiki@evacasillas.net\">reiki@evacasillas.net<\/a><\/span>, Web: <a href=\"http:\/\/reiki.evacasillas.net\">http:\/\/reiki.evacasillas.net<\/a>\u00a0<\/em><\/li>\n<li style=\"text-align: left;\"><em><strong>Miguel Castro L\u00f3pez<\/strong>. Vive en Palma de Mallorca y hace tratamientos de Reiki. 971 75 16 76.<\/em><\/li>\n<\/ul>\n<p>&nbsp;<\/p>\n<\/div>\n<p>Los maestros de\u00a0The Reiki Alliance son uno en la energ\u00eda del Reiki. Puedes estar tranquilo\/a que si est\u00e1s iniciado\/a por un maestro de The Reiki Alliance, tendr\u00e1s esta misma energ\u00eda en tus manos (aunque la informaci\u00f3n que compartan variar\u00e1, naturalmente, de maestro a maestro). Si quieres saber de un maestro de The Reiki Alliance que viva cerca de ti, puedes enviarle un <a href=\"mailto:aceves@mayni-reikialliance.com\">email a Mayni<\/a>.<\/p>\n<p>Tambi\u00e9n puedes consultar el <a href=\"http:\/\/reikialliance.com\/es\/find\" target=\"_blank\">directorio internacional de The Reiki Alliance<\/a> para ver una lista parcial de maestros y los pa\u00edses en los que trabajan.<\/p>\n<p>Hacerse maestro es un proceso individual y personalizado que dura aproximadamente 1-8 a\u00f1os, con el objetivo de entrenar a esta persona para que pueda ense\u00f1ar a otros. Mayni se toma esta formaci\u00f3n muy en serio y en los 22 a\u00f1os que lleva trabajando a tiempo completo como maestra de Reiki, solo ha iniciado a estos cinco alumnos como maestros.<\/p>\n<p>&nbsp;<\/p>\n<p>&nbsp;<\/p>\n<p style=\"text-align: center;\"><strong>Directorio de Terapeutas<\/strong><\/p>\n<p><em>Varios de los alumnos avanzados de Mayni han abierto consultas de tratamientos en diversas ciudades. Aqu\u00ed os ofrecemos un listado para que sep\u00e1is qui\u00e9nes pueden daros tratamientos en vuestra provincia. (Nota: si eres alumno\/a de Mayni y quieres figurar en esta lista -gratuitamente- por favor comun\u00edcate con ella).<\/em><\/p>\n<p>&nbsp;<\/p>\n<p>En Espa\u00f1a<\/p>\n<table width=\"100%\">\n<tbody>\n<tr>\n<td width=\"23%\">PROVINCIA<\/td>\n<td width=\"75%\">CIUDAD<\/td>\n<\/tr>\n<tr>\n<td width=\"23%\">\u00a0Cuenca<\/td>\n<td width=\"75%\">\u00a0y Madrid: Javier Pino (tambi\u00e9n regresiones y adelgazamiento con banda g\u00e1strica virtual) <a href=\"http:\/\/www.jpterapias.es\">www.jpterapias.es<\/a> 633 320 129<\/td>\n<\/tr>\n<tr>\n<td width=\"24%\">Madrid<\/td>\n<td width=\"76%\">Alcal\u00e1 de Henares: Esther Rodr\u00edguez Camacho (tambi\u00e9n practitioner de flores de Bach, naturopat\u00eda e iridiolog\u00eda) 618 609 209 <a href=\"http:\/\/esther-reikialliance.com\">http:\/\/esther-reikialliance.com<\/a> Habla ingl\u00e9s y espa\u00f1ol.<\/td>\n<\/tr>\n<tr>\n<td width=\"24%\"><\/td>\n<td width=\"76%\">Las Rozas: Beatriz Rodr\u00edguez de Guzm\u00e1n, email\u00a0beatrizrdgv@gmail.com<\/td>\n<\/tr>\n<tr>\n<td width=\"24%\"><\/td>\n<td width=\"76%\">Madrid capital: Natalia Fern\u00e1ndez Santamarina, tel. 630 94 24 30<\/td>\n<\/tr>\n<tr>\n<td width=\"24%\">Mallorca<\/td>\n<td width=\"76%\">Palma y Establiments: Miguel Castro y Dra. Ana Mena, Centro Sakura (tambi\u00e9n medicina est\u00e9tica y flores de Bach). Tel. 971 20 94 56. Hablan mallorqu\u00edn, ingl\u00e9s y espa\u00f1ol.<\/td>\n<\/tr>\n<tr>\n<td width=\"24%\"><\/td>\n<td width=\"76%\">Palma: Ivanna\u00a0Almeida 606 612 998. Habla espa\u00f1ol e ingl\u00e9s.<\/td>\n<\/tr>\n<tr>\n<td width=\"24%\"><\/td>\n<td width=\"76%\">S\u00f3ller: Marga Jaume 971 63 04 45 Habla mallorqu\u00edn y espa\u00f1ol.<\/td>\n<\/tr>\n<tr>\n<td width=\"24%\"><\/td>\n<td width=\"76%\">Sa Vileta: Mario Font\u00e1n (tambi\u00e9n es oste\u00f3pata y quiropr\u00e1ctico). 971 79 97 13<\/td>\n<\/tr>\n<tr>\n<td width=\"24%\">Orense<\/td>\n<td width=\"76%\">Loiro (Ourense): Centro de Terapias Pr\u00e1nadi (Manoli y Nazareth, tambi\u00e9n quiropraxia y masajes con aceites esenciales). Tel 988 38 31 38. Hablan gallego, franc\u00e9s y espa\u00f1ol.<\/td>\n<\/tr>\n<tr>\n<td width=\"23%\">Pontevedra<\/td>\n<td width=\"75%\">Covelo: Eva Casillas (tambi\u00e9n canto de mantras y Pilates) Tel\u00e9fonos: 637 39 09 95\u00a0 <a href=\"http:\/\/reiki.evacasillas.net\">http:\/\/\/reiki.evacasillas.net<\/a><\/td>\n<\/tr>\n<tr>\n<td width=\"23%\">Toledo<\/td>\n<td width=\"75%\">Talavera de la Reina: Luz C. Salas\u00a0 618 256 918. Tambi\u00e9n shiatsu. Habla ingl\u00e9s y espa\u00f1ol.<\/td>\n<\/tr>\n<\/tbody>\n<\/table>\n<p>En otros pa\u00edses<\/p>\n<table width=\"100%\">\n<tbody>\n<tr>\n<td width=\"24%\">PA\u00cdS<\/td>\n<td width=\"76%\">REGI\u00d3N, CIUDAD<\/td>\n<\/tr>\n<tr>\n<td width=\"24%\">Estados Unidos<\/td>\n<td width=\"76%\">Utah, Orem: Celia Hemingway (Reiki, flores de Bach, masajes y t\u00e9cnicas energ\u00e9ticas, adem\u00e1s de clases de yoga). Tel. 801 &#8211; 369 4031. Habla ingl\u00e9s, portugu\u00e9s y espa\u00f1ol.<\/td>\n<\/tr>\n<\/tbody>\n<\/table>\n<p>&nbsp;","protected":false},"excerpt":{"rendered":"<p>Mayni\u00a0ense\u00f1a con regularidad en Espa\u00f1a: Madrid, Baleares\u00a0(Palma de Mallorca\u00a0y\u00a0S\u00f3ller), Galicia (Orense, A Coru\u00f1a), y Suecia (Malm\u00f6). Cursos m\u00e1s puntuales en Cuenca, Barcelona, Segovia,\u00a0y las Islas Canarias\u00a0(Las Palmas, Tenerife), adem\u00e1s de en Argentina (Rosario, C\u00f3rdoba y Jujuy) y Estados&#8230; <a class=\"read-more\" href=\"http:\/\/shamay.eu\/es\/about-us\/network\/\">Leer m\u00e1s<\/a><\/p>\n","protected":false},"author":3,"featured_media":0,"parent":22,"menu_order":0,"comment_status":"open","ping_status":"closed","template":"template-full.php","meta":{"footnotes":""},"_links":{"self":[{"href":"http:\/\/shamay.eu\/es\/wp-json\/wp\/v2\/pages\/535"}],"collection":[{"href":"http:\/\/shamay.eu\/es\/wp-json\/wp\/v2\/pages"}],"about":[{"href":"http:\/\/shamay.eu\/es\/wp-json\/wp\/v2\/types\/page"}],"author":[{"embeddable":true,"href":"http:\/\/shamay.eu\/es\/wp-json\/wp\/v2\/users\/3"}],"replies":[{"embeddable":true,"href":"http:\/\/shamay.eu\/es\/wp-json\/wp\/v2\/comments?post=535"}],"version-history":[{"count":23,"href":"http:\/\/shamay.eu\/es\/wp-json\/wp\/v2\/pages\/535\/revisions"}],"predecessor-version":[{"id":631,"href":"http:\/\/shamay.eu\/es\/wp-json\/wp\/v2\/pages\/535\/revisions\/631"}],"up":[{"embeddable":true,"href":"http:\/\/shamay.eu\/es\/wp-json\/wp\/v2\/pages\/22"}],"wp:attachment":[{"href":"http:\/\/shamay.eu\/es\/wp-json\/wp\/v2\/media?parent=535"}],"curies":[{"name":"wp","href":"https:\/\/api.w.org\/{rel}","templated":true}]}}