{"id":888,"date":"2016-05-17T14:06:57","date_gmt":"2016-05-17T14:06:57","guid":{"rendered":"http:\/\/shamay.eu\/?page_id=888"},"modified":"2016-05-17T14:12:56","modified_gmt":"2016-05-17T14:12:56","slug":"mayan-wavespell","status":"publish","type":"page","link":"http:\/\/shamay.eu\/es\/treatments\/mayan-wavespell\/","title":{"rendered":"Onda Encantada Maya"},"content":{"rendered":"Los mayas usaban 5 calendarios diferentes para fines diferentes. El Tzolkin era su calendario sagrado e identifica 260 tipos de personas diferentes (20 \u00abkines\u00bb o arquetipos y 13 \u00abtonos\u00bb). Este calendario rota dentro del 13 Lunas, que es el m\u00e1s parecido al calendario Gregoriano que utilizamos en occidente.<\/p>\n<p>Al hacer una lectura de la Onda Encantada, identificamos las energ\u00edas gal\u00e1cticas que estaban presentes en el momento de tu nacimiento y con ellas c\u00f3mo puedes usarlas de la mejor forma para alinearte con tus planes originales para esta experiencia de vida. La Onda Encantada est\u00e1 compuesta por 13 preguntas, que son las mismas para todos, y 20 \u00abrespuestas\u00bb posibles a cada pregunta, dependiendo del arquetipo que le corresponda. Ejemplos de estas preguntas son \u00ab\u00bfCu\u00e1l es mi prop\u00f3sito\/misi\u00f3n en la vida?\u00bb, \u00ab\u00bfCu\u00e1l es el mayor desaf\u00edo que debo superar?\u00bb, \u00ab\u00bfQu\u00e9 clase de trabajo es el id\u00f3neo para m\u00ed?\u00bb, \u00ab\u00bfC\u00f3mo puedo recargar mis bater\u00edas?\u00bb, \u00ab\u00bfCu\u00e1les son mis habilidades \u00fanicas al colaborar con los dem\u00e1s?\u00bb, etc.<\/p>\n<p>Te damos la bienvenida a una sesi\u00f3n inspiradora para reconectarte contigo mismo\/a. Se hace una sola vez en la vida as\u00ed que puedes grabarla. La lectura dura aproximadamente 40 minutos. Precio: 450 SEK \/ 50 \u20ac. Se puede hacer por Skype. Incluye una copia impresa de tu Onda Encantada.<\/p>","protected":false},"excerpt":{"rendered":"<p>Los mayas usaban 5 calendarios diferentes para fines diferentes. El Tzolkin era su calendario sagrado e identifica 260 tipos de personas diferentes (20 \u00abkines\u00bb o arquetipos y 13 \u00abtonos\u00bb). Este calendario rota dentro del 13 Lunas, que es&#8230; <a class=\"read-more\" href=\"http:\/\/shamay.eu\/es\/treatments\/mayan-wavespell\/\">Leer m\u00e1s<\/a><\/p>\n","protected":false},"author":3,"featured_media":889,"parent":24,"menu_order":0,"comment_status":"closed","ping_status":"closed","template":"","meta":{"footnotes":""},"_links":{"self":[{"href":"http:\/\/shamay.eu\/es\/wp-json\/wp\/v2\/pages\/888"}],"collection":[{"href":"http:\/\/shamay.eu\/es\/wp-json\/wp\/v2\/pages"}],"about":[{"href":"http:\/\/shamay.eu\/es\/wp-json\/wp\/v2\/types\/page"}],"author":[{"embeddable":true,"href":"http:\/\/shamay.eu\/es\/wp-json\/wp\/v2\/users\/3"}],"replies":[{"embeddable":true,"href":"http:\/\/shamay.eu\/es\/wp-json\/wp\/v2\/comments?post=888"}],"version-history":[{"count":3,"href":"http:\/\/shamay.eu\/es\/wp-json\/wp\/v2\/pages\/888\/revisions"}],"predecessor-version":[{"id":892,"href":"http:\/\/shamay.eu\/es\/wp-json\/wp\/v2\/pages\/888\/revisions\/892"}],"up":[{"embeddable":true,"href":"http:\/\/shamay.eu\/es\/wp-json\/wp\/v2\/pages\/24"}],"wp:featuredmedia":[{"embeddable":true,"href":"http:\/\/shamay.eu\/es\/wp-json\/wp\/v2\/media\/889"}],"wp:attachment":[{"href":"http:\/\/shamay.eu\/es\/wp-json\/wp\/v2\/media?parent=888"}],"curies":[{"name":"wp","href":"https:\/\/api.w.org\/{rel}","templated":true}]}}