{"id":104,"date":"2015-01-15T22:15:05","date_gmt":"2015-01-15T22:15:05","guid":{"rendered":"http:\/\/shamay.eu\/?page_id=104"},"modified":"2015-04-03T17:04:20","modified_gmt":"2015-04-03T17:04:20","slug":"reiki","status":"publish","type":"page","link":"http:\/\/shamay.eu\/sv\/treatments\/reiki\/","title":{"rendered":"Reikibehandling"},"content":{"rendered":"<p>F\u00f6rsta g\u00e5ngen du kommer till Reiki rekommenderas att du g\u00f6r 4 dagar efter varandra, f\u00f6r optimal effekt d\u00e5 gamla obotade problem behandlas i djupet.<br \/>\nOm du inte k\u00e4nner dig redo att g\u00e5 in i djupet \u00e4n, rekommenderar vi att du b\u00f6rjar med en av de korta behandlingarna, som Chakras och \u00e4delstenar, eller Aura Healing, som ocks\u00e5 inkluderar Reiki men p\u00e5 ett annat s\u00e4tt, och kan g\u00f6ras som enstaka behandling f\u00f6r sig sj\u00e4lv.<\/p>\n<p>Reiki helar den fysiska kroppen men \u00e4ven k\u00e4nslom\u00e4ssiga, mentala och spirituella blockeringar.<\/p>\n<p>Reikibehandlingen g\u00f6rs med kl\u00e4derna p\u00e5, man ligger p\u00e5 en massagebrits, med en filt eller t\u00e4cke. Man kan \u00e4ven g\u00f6ra en sittande behandling, om n\u00e5gon har problem med att ligga ner (eller \u00e4r avancerat gravid).<br \/>\nDet k\u00e4nns v\u00e4ldigt avslappande och fr\u00e4scht, n\u00e4r gamla problem l\u00f6ses upp.<\/p>\n<p>L\u00e4ngd: 1h 15 min (Reikibehandlingen i sig: 60 min)<\/p>\n<p>Priser:<br \/>\n550 SEK f\u00f6r en behandling<br \/>\nPack 4 f\u00f6rsta behandlingarna: 2100 SEK (anm: den allra f\u00f6rsta behandlingen \u00e4r 90 min.)<br \/>\nPack 12 behandlingar: 5500 SEK (du betalar f\u00f6r 10 behandlingar men f\u00e5r 12)<\/p>\n<p><a href=\"http:\/\/shamay.eu\/wp-content\/uploads\/2015\/01\/Reiki_silla.jpg\"><img loading=\"lazy\" decoding=\"async\" width=\"198\" height=\"300\" src=\"http:\/\/shamay.eu\/wp-content\/uploads\/2015\/01\/Reiki_silla-198x300.jpg\" alt=\"Reiki_silla\" class=\"aligncenter size-medium wp-image-494\" srcset=\"http:\/\/shamay.eu\/wp-content\/uploads\/2015\/01\/Reiki_silla-198x300.jpg 198w, http:\/\/shamay.eu\/wp-content\/uploads\/2015\/01\/Reiki_silla-677x1024.jpg 677w, http:\/\/shamay.eu\/wp-content\/uploads\/2015\/01\/Reiki_silla.jpg 1872w\" sizes=\"(max-width: 198px) 100vw, 198px\" \/><\/a><br \/>\n&nbsp;<\/p>","protected":false},"excerpt":{"rendered":"<p>F\u00f6rsta g\u00e5ngen du kommer till Reiki rekommenderas att du g\u00f6r 4 dagar efter varandra, f\u00f6r optimal effekt d\u00e5 gamla obotade problem behandlas i djupet. Om du inte k\u00e4nner dig redo att g\u00e5 in i djupet \u00e4n, rekommenderar vi&#8230; <a class=\"read-more\" href=\"http:\/\/shamay.eu\/sv\/treatments\/reiki\/\">L\u00e4s mer<\/a><\/p>\n","protected":false},"author":2,"featured_media":495,"parent":24,"menu_order":0,"comment_status":"open","ping_status":"open","template":"template-full.php","meta":{"footnotes":""},"_links":{"self":[{"href":"http:\/\/shamay.eu\/sv\/wp-json\/wp\/v2\/pages\/104"}],"collection":[{"href":"http:\/\/shamay.eu\/sv\/wp-json\/wp\/v2\/pages"}],"about":[{"href":"http:\/\/shamay.eu\/sv\/wp-json\/wp\/v2\/types\/page"}],"author":[{"embeddable":true,"href":"http:\/\/shamay.eu\/sv\/wp-json\/wp\/v2\/users\/2"}],"replies":[{"embeddable":true,"href":"http:\/\/shamay.eu\/sv\/wp-json\/wp\/v2\/comments?post=104"}],"version-history":[{"count":7,"href":"http:\/\/shamay.eu\/sv\/wp-json\/wp\/v2\/pages\/104\/revisions"}],"predecessor-version":[{"id":496,"href":"http:\/\/shamay.eu\/sv\/wp-json\/wp\/v2\/pages\/104\/revisions\/496"}],"up":[{"embeddable":true,"href":"http:\/\/shamay.eu\/sv\/wp-json\/wp\/v2\/pages\/24"}],"wp:featuredmedia":[{"embeddable":true,"href":"http:\/\/shamay.eu\/sv\/wp-json\/wp\/v2\/media\/495"}],"wp:attachment":[{"href":"http:\/\/shamay.eu\/sv\/wp-json\/wp\/v2\/media?parent=104"}],"curies":[{"name":"wp","href":"https:\/\/api.w.org\/{rel}","templated":true}]}}