{"id":1067,"date":"2017-02-13T11:36:23","date_gmt":"2017-02-13T11:36:23","guid":{"rendered":"http:\/\/shamay.eu\/?page_id=1067"},"modified":"2017-05-16T08:30:11","modified_gmt":"2017-05-16T08:30:11","slug":"oils","status":"publish","type":"page","link":"http:\/\/shamay.eu\/sv\/oils\/","title":{"rendered":"Eteriska Oljor"},"content":{"rendered":"<iframe loading=\"lazy\" width=\"560\" height=\"315\" src=\"https:\/\/www.youtube.com\/embed\/OEnKOk4ad0U\" frameborder=\"0\" allowfullscreen><\/iframe><\/p>\n<p>Vi har anv\u00e4nt eteriska oljor i flera \u00e5r nu, b\u00e5de i v\u00e5r personliga h\u00e4lsa och som en del av de behandlingar vi g\u00f6r. Vi finner dem en av de mest effektiva former av \u00f6rtmedicin som finns (eller kanske den mest effektiva) och k\u00e4nde en \u00f6nskan att dela med oss av dessa kunskaper.<\/p>\n<p>Eteriska oljor \u00e4r mest k\u00e4nda som n\u00e5got som helt enkelt luktar gott, eller kanske f\u00f6r att ta sig en avslappnande bad som doftar av Lavendel, men f\u00e5 m\u00e4nniskor \u00e4r medvetna om den ofantliga rikedom av anv\u00e4ndningar man kan g\u00f6ra av eteriska oljor i hemmet. D\u00e4rf\u00f6r, dessa 1-timmes lektioner \u00e4r en fantastisk verktyg att sprida lite praktiska kunskaper. Eteriska oljor \u00e4r ett fantastisk verktyg f\u00f6r h\u00e4lsan, inte bara kroppens utan \u00e4ven sinnet, k\u00e4nslorna och alla aspekter av v\u00e5rt v\u00e4sende. De \u00e4r verkligen ett Holistisk verktyg!<\/p>\n<p>Vi erbjuder en gratis introduktionsklass, n\u00e4stan varje vecka, och emellan\u00e5t \u00e4ven klasser riktade till s\u00e4rskilda \u00e4mnen eller syften (oljor f\u00f6r barn, oljor f\u00f6r meditation, k\u00e4nslor och chakras, matlagning med eteriska oljor, mm).<br \/>\nV\u00e4lkommen p\u00e5 v\u00e5ra interaktiva f\u00f6rel\u00e4sningar! Om du senare vill ha n\u00e5gra personliga rekommendationer om vilka oljor skulle vara b\u00e4ttre f\u00f6r dina eller din familjs behov, s\u00e5 kan vi g\u00e4rna hj\u00e4lpa dig v\u00e4lja r\u00e4tt. N\u00e4r du k\u00f6per dina oljor via oss, s\u00e5 hj\u00e4lper vi dig f\u00e5 de b\u00e4sta priserna och sedan f\u00e5r du en <strong>gratis personlig klass<\/strong> f\u00f6r att l\u00e4ra dig f\u00e5 de b\u00e4sta resultaten av dina oljor, b\u00e5de f\u00f6r h\u00e4lsan av din familj och husdjur, i matlagning och i hemmet.<\/p>\n<p>Ta en titt p\u00e5 v\u00e5r <a href=\"http:\/\/shamay.eu\/sv\/2015\/01\/12\/activities\/\">Kalender <\/a> f\u00f6r att se vilka datum vi har! Eller kontakta oss f\u00f6r att boka din egen gratisklass (personligen eller online).<\/p>\n<p>Om du vill l\u00e4sa mer om just vilka eteriska oljor vi anv\u00e4nder, <a href=\"https:\/\/www.mydoterra.com\/shamay\" target=\"_blank\">klicka h\u00e4r<\/a>.<\/p>\n<p>Du hittar mera information p\u00e5 svenska i v\u00e5r hemsida <a href=\"http:\/\/www.MinaOljor.se\" target=\"_blank\">www.MinaOljor.se<\/a> <\/p>\n<p><iframe loading=\"lazy\" width=\"560\" height=\"315\" src=\"https:\/\/www.youtube.com\/embed\/Jbiu-Duwo2k\" frameborder=\"0\" allowfullscreen><\/iframe>","protected":false},"excerpt":{"rendered":"<p>Vi har anv\u00e4nt eteriska oljor i flera \u00e5r nu, b\u00e5de i v\u00e5r personliga h\u00e4lsa och som en del av de behandlingar vi g\u00f6r. Vi finner dem en av de mest effektiva former av \u00f6rtmedicin som finns (eller kanske&#8230; <a class=\"read-more\" href=\"http:\/\/shamay.eu\/sv\/oils\/\">L\u00e4s mer<\/a><\/p>\n","protected":false},"author":6,"featured_media":1073,"parent":0,"menu_order":0,"comment_status":"closed","ping_status":"closed","template":"","meta":{"footnotes":""},"_links":{"self":[{"href":"http:\/\/shamay.eu\/sv\/wp-json\/wp\/v2\/pages\/1067"}],"collection":[{"href":"http:\/\/shamay.eu\/sv\/wp-json\/wp\/v2\/pages"}],"about":[{"href":"http:\/\/shamay.eu\/sv\/wp-json\/wp\/v2\/types\/page"}],"author":[{"embeddable":true,"href":"http:\/\/shamay.eu\/sv\/wp-json\/wp\/v2\/users\/6"}],"replies":[{"embeddable":true,"href":"http:\/\/shamay.eu\/sv\/wp-json\/wp\/v2\/comments?post=1067"}],"version-history":[{"count":6,"href":"http:\/\/shamay.eu\/sv\/wp-json\/wp\/v2\/pages\/1067\/revisions"}],"predecessor-version":[{"id":1085,"href":"http:\/\/shamay.eu\/sv\/wp-json\/wp\/v2\/pages\/1067\/revisions\/1085"}],"wp:featuredmedia":[{"embeddable":true,"href":"http:\/\/shamay.eu\/sv\/wp-json\/wp\/v2\/media\/1073"}],"wp:attachment":[{"href":"http:\/\/shamay.eu\/sv\/wp-json\/wp\/v2\/media?parent=1067"}],"curies":[{"name":"wp","href":"https:\/\/api.w.org\/{rel}","templated":true}]}}