{"id":186,"date":"2015-01-17T11:33:13","date_gmt":"2015-01-17T11:33:13","guid":{"rendered":"http:\/\/shamay.eu\/?page_id=186"},"modified":"2015-10-27T08:52:42","modified_gmt":"2015-10-27T08:52:42","slug":"reiki","status":"publish","type":"page","link":"http:\/\/shamay.eu\/sv\/testimonials\/reiki\/","title":{"rendered":"Om Reiki"},"content":{"rendered":"<span class=\"null\">&#8221;Jag fick de 4 Reikisessionerna med Tisha i december 2014. Det k\u00e4ndes avslappnande och sk\u00f6nt att f\u00e5 den lilla rutinen av fyra dagar i rad. Det som mest f\u00f6rv\u00e5nade mig \u00e4r att jag var f\u00f6rkyld n\u00e4r jag b\u00f6rjade vilket brukar g\u00f6ra mig v\u00e4ldigt tr\u00f6tt och \u00e4ven medf\u00f6ra bronkit som kan g\u00f6ra det sv\u00e5rt att till och med prata. Efter tredje behandlingen var jag mindre tr\u00f6tt och hade inte lika mycket hosta&#8221;. <\/span><\/p>\n<p><span class=\"null\">\u00a0 \u00a0 \u00a0 \u00a0Terese, Malm\u00f6<\/span>","protected":false},"excerpt":{"rendered":"<p>&#8221;Jag fick de 4 Reikisessionerna med Tisha i december 2014. Det k\u00e4ndes avslappnande och sk\u00f6nt att f\u00e5 den lilla rutinen av fyra dagar i rad. Det som mest f\u00f6rv\u00e5nade mig \u00e4r att jag var f\u00f6rkyld n\u00e4r jag b\u00f6rjade&#8230; <a class=\"read-more\" href=\"http:\/\/shamay.eu\/sv\/testimonials\/reiki\/\">L\u00e4s mer<\/a><\/p>\n","protected":false},"author":2,"featured_media":0,"parent":182,"menu_order":0,"comment_status":"open","ping_status":"open","template":"template-full.php","meta":{"footnotes":""},"_links":{"self":[{"href":"http:\/\/shamay.eu\/sv\/wp-json\/wp\/v2\/pages\/186"}],"collection":[{"href":"http:\/\/shamay.eu\/sv\/wp-json\/wp\/v2\/pages"}],"about":[{"href":"http:\/\/shamay.eu\/sv\/wp-json\/wp\/v2\/types\/page"}],"author":[{"embeddable":true,"href":"http:\/\/shamay.eu\/sv\/wp-json\/wp\/v2\/users\/2"}],"replies":[{"embeddable":true,"href":"http:\/\/shamay.eu\/sv\/wp-json\/wp\/v2\/comments?post=186"}],"version-history":[{"count":6,"href":"http:\/\/shamay.eu\/sv\/wp-json\/wp\/v2\/pages\/186\/revisions"}],"predecessor-version":[{"id":627,"href":"http:\/\/shamay.eu\/sv\/wp-json\/wp\/v2\/pages\/186\/revisions\/627"}],"up":[{"embeddable":true,"href":"http:\/\/shamay.eu\/sv\/wp-json\/wp\/v2\/pages\/182"}],"wp:attachment":[{"href":"http:\/\/shamay.eu\/sv\/wp-json\/wp\/v2\/media?parent=186"}],"curies":[{"name":"wp","href":"https:\/\/api.w.org\/{rel}","templated":true}]}}