{"id":190,"date":"2015-01-17T11:33:50","date_gmt":"2015-01-17T11:33:50","guid":{"rendered":"http:\/\/shamay.eu\/?page_id=190"},"modified":"2015-11-11T18:01:46","modified_gmt":"2015-11-11T18:01:46","slug":"workshops","status":"publish","type":"page","link":"http:\/\/shamay.eu\/sv\/testimonials\/workshops\/","title":{"rendered":"Om Kurser och Workshops"},"content":{"rendered":"&#8221;De b\u00e4st spenderade 2000 kronorna&#8221;<\/p>\n<p>Andrea, Malm\u00f6 (om F\u00f6rsta Graden i Reiki)<\/p>\n<p>***<\/p>\n<p>&#8221;Jag s\u00e5g Tishas f\u00f6rel\u00e4sning om holistisk h\u00e4lsa och visste inte riktigt vad det skulle handla om men var nyfiken. Jag trodde v\u00e4l det skulle vara tradigt innerst inne men blev positivt \u00f6verraskad och det var en v\u00e4ldigt givande \u00f6vning vi gjorde. Den \u00f6ppnade \u00f6gonen f\u00f6r mig, om vilka delar i mitt liv jag inte har koll p\u00e5, och VAD jag kan enkelt g\u00f6ra f\u00f6r att f\u00f6rb\u00e4ttra situationen. Hon k\u00e4ndes v\u00e4ldigt avslappnad och van som f\u00f6rel\u00e4sare ocks\u00e5. Tacksam att jag var med! Har t o m gjort \u00f6vningen p\u00e5 brorsan och en annan kompis, med mkt goda resultat. Undrar vad mer jag skulle kunna f\u00e5 hj\u00e4lp med om jag gjorde 12 sessions med henne. Det k\u00e4nns som jag inte vill tacka nej ungef\u00e4r \ud83d\ude42 &#8221;<\/p>\n<p>Johan, Malm\u00f6<\/p>\n<p>***<\/p>\n<p>&#8221;The Reiki 1st Degree course with Mayni was a very special experience for me. Comprised of both theory and practice, one gets the opportunity to get knowledge about what Reiki is and its history as well as practicing Reiki on oneself and on others. Mayni is an authentic teacher filled with love and kindness. She has a genuine passion to share her knowledge about Reiki&#8221;.<\/p>\n<p>Margarita Bompr, Malm\u00f6<\/p>\n<p>***<\/p>\n<p>&#8221;The first time I saw Tisha in action was at a presentation-demonstration of one of the products that she offered through the Shamay Group [in 2010]. This presentation was recorded for the TV. I was captivated by her way of speaking and explaining: she knows how to transmit the most fundamental, the most important about the product, and has an ease to radiate sympathy that I have seen in few people. You can tell she likes and enjoys her work. It is worth reserving a time slot in our schedule just to listen to her&#8221;.<\/p>\n<p>Miguel Angel Luque Paz,\u00a0Advisor, trainer and promoter of stock exchange and finances","protected":false},"excerpt":{"rendered":"<p>&#8221;De b\u00e4st spenderade 2000 kronorna&#8221; Andrea, Malm\u00f6 (om F\u00f6rsta Graden i Reiki) *** &#8221;Jag s\u00e5g Tishas f\u00f6rel\u00e4sning om holistisk h\u00e4lsa och visste inte riktigt vad det skulle handla om men var nyfiken. Jag trodde v\u00e4l det skulle vara&#8230; <a class=\"read-more\" href=\"http:\/\/shamay.eu\/sv\/testimonials\/workshops\/\">L\u00e4s mer<\/a><\/p>\n","protected":false},"author":2,"featured_media":0,"parent":182,"menu_order":0,"comment_status":"open","ping_status":"open","template":"template-full.php","meta":{"footnotes":""},"_links":{"self":[{"href":"http:\/\/shamay.eu\/sv\/wp-json\/wp\/v2\/pages\/190"}],"collection":[{"href":"http:\/\/shamay.eu\/sv\/wp-json\/wp\/v2\/pages"}],"about":[{"href":"http:\/\/shamay.eu\/sv\/wp-json\/wp\/v2\/types\/page"}],"author":[{"embeddable":true,"href":"http:\/\/shamay.eu\/sv\/wp-json\/wp\/v2\/users\/2"}],"replies":[{"embeddable":true,"href":"http:\/\/shamay.eu\/sv\/wp-json\/wp\/v2\/comments?post=190"}],"version-history":[{"count":8,"href":"http:\/\/shamay.eu\/sv\/wp-json\/wp\/v2\/pages\/190\/revisions"}],"predecessor-version":[{"id":690,"href":"http:\/\/shamay.eu\/sv\/wp-json\/wp\/v2\/pages\/190\/revisions\/690"}],"up":[{"embeddable":true,"href":"http:\/\/shamay.eu\/sv\/wp-json\/wp\/v2\/pages\/182"}],"wp:attachment":[{"href":"http:\/\/shamay.eu\/sv\/wp-json\/wp\/v2\/media?parent=190"}],"curies":[{"name":"wp","href":"https:\/\/api.w.org\/{rel}","templated":true}]}}