{"id":52,"date":"2015-01-15T09:16:47","date_gmt":"2015-01-15T09:16:47","guid":{"rendered":"http:\/\/shamay.eu\/?page_id=52"},"modified":"2015-02-02T20:31:36","modified_gmt":"2015-02-02T20:31:36","slug":"monochord","status":"publish","type":"page","link":"http:\/\/shamay.eu\/sv\/monochord\/","title":{"rendered":"Pytagorisk monochord"},"content":{"rendered":"<p>Den pytagoriska monochorden designad av Mayni, utifr\u00e5n konceptet av den musikaliska instrumentet och befintliga bord, byggd av luthier <a href=\"http:\/\/www.antoniomorales.com\/en\/index.html\">Antonio Morales<\/a>.<\/p>\n<p>Den ser ut som ett massagebord (eller l\u00e5ng bord), med en resonansl\u00e5da och 52 str\u00e4ngar med samma ton. N\u00e4r man spelar dem, alla \u00f6vertoner resonerar.<\/p>\n<p>Effekten n\u00e4r man ligger under eller \u00f6ver denna instrument \u00e4r att alla subtila (energi) kroppar blir snabbt harmoniserade, och den leder omedelbart in i en meditationsstatus med djup avslappning.<\/p>\n<p>I dagens l\u00e4ge befinner sig den enda instrumentet i Spanien, men p\u00e5 sommaren 2015 kommer vi ha en i Sverige, och kommer d\u00e5 kunna erbjuda sessioner igen med denna fascinerande teknik. Du kan g\u00e4rna l\u00e4mna oss en <a href=\"http:\/\/shamay.eu\/contact\/\" title=\"Contact\">intresseanm\u00e4lan<\/a> s\u00e5 s\u00e4ger vi till n\u00e4r vi har den p\u00e5 plats i Malm\u00f6.<\/p>\n<p>L\u00e4ngd: 30 min<\/p>\n<p>Priser:<br \/>\nEnstaka sessioner 350 SEK<br \/>\nPack 11 sessioner 3500 SEK<\/p>","protected":false},"excerpt":{"rendered":"<p>Den pytagoriska monochorden designad av Mayni, utifr\u00e5n konceptet av den musikaliska instrumentet och befintliga bord, byggd av luthier Antonio Morales. Den ser ut som ett massagebord (eller l\u00e5ng bord), med en resonansl\u00e5da och 52 str\u00e4ngar med samma ton&#8230;. <a class=\"read-more\" href=\"http:\/\/shamay.eu\/sv\/monochord\/\">L\u00e4s mer<\/a><\/p>\n","protected":false},"author":1,"featured_media":0,"parent":0,"menu_order":0,"comment_status":"open","ping_status":"open","template":"template-full.php","meta":{"footnotes":""},"_links":{"self":[{"href":"http:\/\/shamay.eu\/sv\/wp-json\/wp\/v2\/pages\/52"}],"collection":[{"href":"http:\/\/shamay.eu\/sv\/wp-json\/wp\/v2\/pages"}],"about":[{"href":"http:\/\/shamay.eu\/sv\/wp-json\/wp\/v2\/types\/page"}],"author":[{"embeddable":true,"href":"http:\/\/shamay.eu\/sv\/wp-json\/wp\/v2\/users\/1"}],"replies":[{"embeddable":true,"href":"http:\/\/shamay.eu\/sv\/wp-json\/wp\/v2\/comments?post=52"}],"version-history":[{"count":7,"href":"http:\/\/shamay.eu\/sv\/wp-json\/wp\/v2\/pages\/52\/revisions"}],"predecessor-version":[{"id":356,"href":"http:\/\/shamay.eu\/sv\/wp-json\/wp\/v2\/pages\/52\/revisions\/356"}],"wp:attachment":[{"href":"http:\/\/shamay.eu\/sv\/wp-json\/wp\/v2\/media?parent=52"}],"curies":[{"name":"wp","href":"https:\/\/api.w.org\/{rel}","templated":true}]}}