{"id":56,"date":"2015-01-15T09:20:41","date_gmt":"2015-01-15T09:20:41","guid":{"rendered":"http:\/\/shamay.eu\/?page_id=56"},"modified":"2016-05-15T17:55:20","modified_gmt":"2016-05-15T17:55:20","slug":"articles","status":"publish","type":"page","link":"http:\/\/shamay.eu\/sv\/articles\/","title":{"rendered":"Blog"},"content":{"rendered":"I v\u00e5r\u00a0blogg &#8221;En v\u00e4rld av visdom&#8221; kan du l\u00e4sa artiklar om det som vi l\u00e4rt oss under \u00e5rens g\u00e5ng, anv\u00e4ndbara funderingar om olika \u00e4mnen, och ett kommentar om det som vi m\u00f6ter. Vi \u00e4r m\u00e5ngfacetterade: trevlig l\u00e4sning!","protected":false},"excerpt":{"rendered":"<p>I v\u00e5r\u00a0blogg &#8221;En v\u00e4rld av visdom&#8221; kan du l\u00e4sa artiklar om det som vi l\u00e4rt oss under \u00e5rens g\u00e5ng, anv\u00e4ndbara funderingar om olika \u00e4mnen, och ett kommentar om det som vi m\u00f6ter. Vi \u00e4r m\u00e5ngfacetterade: trevlig l\u00e4sning!<\/p>\n","protected":false},"author":1,"featured_media":0,"parent":0,"menu_order":0,"comment_status":"open","ping_status":"open","template":"template-blog.php","meta":{"footnotes":""},"_links":{"self":[{"href":"http:\/\/shamay.eu\/sv\/wp-json\/wp\/v2\/pages\/56"}],"collection":[{"href":"http:\/\/shamay.eu\/sv\/wp-json\/wp\/v2\/pages"}],"about":[{"href":"http:\/\/shamay.eu\/sv\/wp-json\/wp\/v2\/types\/page"}],"author":[{"embeddable":true,"href":"http:\/\/shamay.eu\/sv\/wp-json\/wp\/v2\/users\/1"}],"replies":[{"embeddable":true,"href":"http:\/\/shamay.eu\/sv\/wp-json\/wp\/v2\/comments?post=56"}],"version-history":[{"count":9,"href":"http:\/\/shamay.eu\/sv\/wp-json\/wp\/v2\/pages\/56\/revisions"}],"predecessor-version":[{"id":880,"href":"http:\/\/shamay.eu\/sv\/wp-json\/wp\/v2\/pages\/56\/revisions\/880"}],"wp:attachment":[{"href":"http:\/\/shamay.eu\/sv\/wp-json\/wp\/v2\/media?parent=56"}],"curies":[{"name":"wp","href":"https:\/\/api.w.org\/{rel}","templated":true}]}}