{"id":104,"date":"2015-01-15T22:15:05","date_gmt":"2015-01-15T22:15:05","guid":{"rendered":"http:\/\/shamay.eu\/?page_id=104"},"modified":"2015-04-03T17:04:20","modified_gmt":"2015-04-03T17:04:20","slug":"reiki","status":"publish","type":"page","link":"https:\/\/shamay.eu\/es\/treatments\/reiki\/","title":{"rendered":"Tratamiento de Reiki"},"content":{"rendered":"<p>La primera vez que entras en contacto con el Reiki, se recomienda que recibas un tratamiento 4 d\u00edas seguidos. De esta forma se pueden sanar en profundidad aquellos problemas \u00abtapados pero no curados\u00bb que llevas arrastrando durante a\u00f1os.<br \/>\nSi todav\u00eda no te sientes preparado\/a para sanarte en profundidad, te recomendamos que empieces por uno de los tratamientos cortos, como Chakras y gemas o Sanaci\u00f3n del aura, que tambi\u00e9n contienen Reiki pero de forma diferente, y se puede hacer un \u00fanico tratamiento suelto.<\/p>\n<p>Reiki sana el cuerpo f\u00edsico pero tambi\u00e9n los bloqueos emocionales, mentales y espirituales.<\/p>\n<p>El tratamiento de Reiki se realiza con la ropa puesta, tumbado sobre una camilla de masaje, tapado con una manta o cobertor (seg\u00fan precises). Tambi\u00e9n se puede hacer en silla, si alguien tiene problemas para tumbarse (o est\u00e1 muy embarazada).<br \/>\nResulta muy relajante y renovador, a medida que se disuelven los antiguos problemas.<\/p>\n<p>Duraci\u00f3n: 1h 15 min (El tratamiento de Reiki en s\u00ed: 60 min)<\/p>\n<p>Precios (en Suecia):<br \/>\n550 SEK por una sesi\u00f3n<br \/>\nPack 4 sesiones inicial: 2100 SEK (la primera sesi\u00f3n dura 90 min).<br \/>\nPack 12 sesiones: 5500 SEK (paga 10 sesiones, recibe 12)<\/p>\n<p>Por favor, cons\u00faltanos para precios y disponibilidad en Espa\u00f1a.<\/p>\n<p><a href=\"http:\/\/shamay.eu\/wp-content\/uploads\/2015\/01\/Reiki_silla.jpg\"><img loading=\"lazy\" decoding=\"async\" width=\"198\" height=\"300\" src=\"http:\/\/shamay.eu\/wp-content\/uploads\/2015\/01\/Reiki_silla-198x300.jpg\" alt=\"Reiki_silla\" class=\"aligncenter size-medium wp-image-494\" srcset=\"https:\/\/shamay.eu\/wp-content\/uploads\/2015\/01\/Reiki_silla-198x300.jpg 198w, https:\/\/shamay.eu\/wp-content\/uploads\/2015\/01\/Reiki_silla-677x1024.jpg 677w, https:\/\/shamay.eu\/wp-content\/uploads\/2015\/01\/Reiki_silla.jpg 1872w\" sizes=\"(max-width: 198px) 100vw, 198px\" \/><\/a><\/p>","protected":false},"excerpt":{"rendered":"<p>La primera vez que entras en contacto con el Reiki, se recomienda que recibas un tratamiento 4 d\u00edas seguidos. De esta forma se pueden sanar en profundidad aquellos problemas \u00abtapados pero no curados\u00bb que llevas arrastrando durante a\u00f1os&#8230;. <a class=\"read-more\" href=\"https:\/\/shamay.eu\/es\/treatments\/reiki\/\">Leer m\u00e1s<\/a><\/p>\n","protected":false},"author":2,"featured_media":495,"parent":24,"menu_order":0,"comment_status":"open","ping_status":"open","template":"template-full.php","meta":{"footnotes":""},"_links":{"self":[{"href":"https:\/\/shamay.eu\/es\/wp-json\/wp\/v2\/pages\/104"}],"collection":[{"href":"https:\/\/shamay.eu\/es\/wp-json\/wp\/v2\/pages"}],"about":[{"href":"https:\/\/shamay.eu\/es\/wp-json\/wp\/v2\/types\/page"}],"author":[{"embeddable":true,"href":"https:\/\/shamay.eu\/es\/wp-json\/wp\/v2\/users\/2"}],"replies":[{"embeddable":true,"href":"https:\/\/shamay.eu\/es\/wp-json\/wp\/v2\/comments?post=104"}],"version-history":[{"count":7,"href":"https:\/\/shamay.eu\/es\/wp-json\/wp\/v2\/pages\/104\/revisions"}],"predecessor-version":[{"id":496,"href":"https:\/\/shamay.eu\/es\/wp-json\/wp\/v2\/pages\/104\/revisions\/496"}],"up":[{"embeddable":true,"href":"https:\/\/shamay.eu\/es\/wp-json\/wp\/v2\/pages\/24"}],"wp:featuredmedia":[{"embeddable":true,"href":"https:\/\/shamay.eu\/es\/wp-json\/wp\/v2\/media\/495"}],"wp:attachment":[{"href":"https:\/\/shamay.eu\/es\/wp-json\/wp\/v2\/media?parent=104"}],"curies":[{"name":"wp","href":"https:\/\/api.w.org\/{rel}","templated":true}]}}