{"id":50,"date":"2015-01-15T09:16:08","date_gmt":"2015-01-15T09:16:08","guid":{"rendered":"http:\/\/shamay.eu\/?page_id=50"},"modified":"2015-02-02T20:25:14","modified_gmt":"2015-02-02T20:25:14","slug":"chakras-gemstones","status":"publish","type":"page","link":"https:\/\/shamay.eu\/es\/chakras-gemstones\/","title":{"rendered":"Chakras y gemas"},"content":{"rendered":"<p><a href=\"http:\/\/shamay.eu\/wp-content\/uploads\/2015\/01\/chakrashombreleo.jpg\"><img loading=\"lazy\" decoding=\"async\" width=\"270\" height=\"267\" class=\"alignnone size-full wp-image-281\" src=\"http:\/\/shamay.eu\/wp-content\/uploads\/2015\/01\/chakrashombreleo.jpg\" alt=\"chakrashombreleo\" \/><\/a><\/p>\n<p>Tenemos 7 centros de energ\u00eda en el cuerpo, llamados Chakras. Cada uno de ellos rige el flujo de energ\u00eda de un grupo de \u00f3rganos\/partes del cuerpo.<\/p>\n<p>Al aplicar piedras semipreciosas de colores espec\u00edficos y equilibrar los Chakras con Reiki, logramos un flujo adecuado de energ\u00eda a los chakras y meridianos del cuerpo.<\/p>\n<p>El tratamiento de balance de chakras se realiza con la ropa puesta, tumbado sobre una camilla de masaje, tapado con una manta o cobertor (seg\u00fan precises).<\/p>\n<p>Duraci\u00f3n: 45 min<\/p>\n<p>Precio: 450 SEK<\/p>\n<p>Por favor, cons\u00faltanos para precios y disponibilidad en Espa\u00f1a.<\/p>","protected":false},"excerpt":{"rendered":"<p>Tenemos 7 centros de energ\u00eda en el cuerpo, llamados Chakras. Cada uno de ellos rige el flujo de energ\u00eda de un grupo de \u00f3rganos\/partes del cuerpo. Al aplicar piedras semipreciosas de colores espec\u00edficos y equilibrar los Chakras con&#8230; <a class=\"read-more\" href=\"https:\/\/shamay.eu\/es\/chakras-gemstones\/\">Leer m\u00e1s<\/a><\/p>\n","protected":false},"author":1,"featured_media":0,"parent":0,"menu_order":0,"comment_status":"open","ping_status":"open","template":"template-full.php","meta":{"footnotes":""},"_links":{"self":[{"href":"https:\/\/shamay.eu\/es\/wp-json\/wp\/v2\/pages\/50"}],"collection":[{"href":"https:\/\/shamay.eu\/es\/wp-json\/wp\/v2\/pages"}],"about":[{"href":"https:\/\/shamay.eu\/es\/wp-json\/wp\/v2\/types\/page"}],"author":[{"embeddable":true,"href":"https:\/\/shamay.eu\/es\/wp-json\/wp\/v2\/users\/1"}],"replies":[{"embeddable":true,"href":"https:\/\/shamay.eu\/es\/wp-json\/wp\/v2\/comments?post=50"}],"version-history":[{"count":6,"href":"https:\/\/shamay.eu\/es\/wp-json\/wp\/v2\/pages\/50\/revisions"}],"predecessor-version":[{"id":355,"href":"https:\/\/shamay.eu\/es\/wp-json\/wp\/v2\/pages\/50\/revisions\/355"}],"wp:attachment":[{"href":"https:\/\/shamay.eu\/es\/wp-json\/wp\/v2\/media?parent=50"}],"curies":[{"name":"wp","href":"https:\/\/api.w.org\/{rel}","templated":true}]}}