{"id":511,"date":"2015-10-14T09:40:55","date_gmt":"2015-10-14T09:40:55","guid":{"rendered":"http:\/\/shamay.eu\/?page_id=511"},"modified":"2015-10-24T12:35:11","modified_gmt":"2015-10-24T12:35:11","slug":"history","status":"publish","type":"page","link":"https:\/\/shamay.eu\/es\/reiki\/history\/","title":{"rendered":"(English) History"},"content":{"rendered":"<strong>La historia de Reiki<a href=\"http:\/\/shamay.eu\/wp-content\/uploads\/2015\/01\/reiki.bmp\"><img loading=\"lazy\" decoding=\"async\" width=\"149\" height=\"194\" class=\"size-full wp-image-569 alignright\" src=\"http:\/\/shamay.eu\/wp-content\/uploads\/2015\/01\/reiki.bmp\" alt=\"reiki\" \/><\/a><\/strong><\/p>\n<p>una versi\u00f3n simplificada<\/p>\n<p><img loading=\"lazy\" decoding=\"async\" width=\"100\" height=\"143\" class=\"size-full wp-image-515\" src=\"http:\/\/shamay.eu\/wp-content\/uploads\/2015\/10\/usui.jpg\" alt=\"usui\" \/> Mikao Usui<\/p>\n<p>El Dr. Mikao Usui era un sacerdote cristiano, que vivi\u00f3 en Jap\u00f3n a fines del siglo XIX.<\/p>\n<p>A ra\u00edz de una pregunta de uno de sus alumnos, estuvo viajando y estudiando por todo el mundo, intentando comprender c\u00f3mo sanaban Jes\u00fas o Buda. Despu\u00e9s de largos a\u00f1os y un proceso final de meditaci\u00f3n y ayuno obtuvo el conocimiento que buscaba, y la energ\u00eda en sus manos.<\/p>\n<p><img loading=\"lazy\" decoding=\"async\" width=\"100\" height=\"143\" class=\"size-full wp-image-513\" src=\"http:\/\/shamay.eu\/wp-content\/uploads\/2015\/10\/hayashi.jpg\" alt=\"hayashi\" \/> Chujiro Hayashi<\/p>\n<p>Uno de sus alumnos fue el Dr. Hayashi.<\/p>\n<p>Como era m\u00e9dico, es a \u00e9l a quien debemos la sistematizaci\u00f3n de las posturas en los tratamientos.<\/p>\n<p>&nbsp;<\/p>\n<p><a href=\"http:\/\/shamay.eu\/wp-content\/uploads\/2015\/10\/takata.jpg\"><img loading=\"lazy\" decoding=\"async\" width=\"100\" height=\"143\" class=\"size-full wp-image-514\" src=\"http:\/\/shamay.eu\/wp-content\/uploads\/2015\/10\/takata.jpg\" alt=\"takata\" \/><\/a> Hawayo Takata<\/p>\n<p>En la \u00e9poca de la 2\u00aa guerra mundial le sucedi\u00f3 la se\u00f1ora Takata, quien llev\u00f3 Reiki a Occidente.<\/p>\n<p>&nbsp;<\/p>\n<p><a href=\"http:\/\/shamay.eu\/wp-content\/uploads\/2015\/10\/furumoto.jpg\"><img loading=\"lazy\" decoding=\"async\" width=\"100\" height=\"143\" class=\"size-full wp-image-512\" src=\"http:\/\/shamay.eu\/wp-content\/uploads\/2015\/10\/furumoto.jpg\" alt=\"furumoto\" \/><\/a> Phyllis Lei Furumoto<\/p>\n<p>Su nieta, Phyllis Lei Furumoto, es la 4\u00aa \u00abGran Maestra\u00bb.<\/p>\n<p>Ella, y otros varios maestros iniciados por su abuela fundaron \u00abThe Reiki Alliance\u00bb para mantener el sistema sencillo y puro, tal como lo hab\u00edan recibido.<\/p>\n<p>Alumna de Phyllis es Anugama Marg, de Hamburgo, Alemania. Anugama es la maestra de Mayni.","protected":false},"excerpt":{"rendered":"<p>La historia de Reiki una versi\u00f3n simplificada Mikao Usui El Dr. Mikao Usui era un sacerdote cristiano, que vivi\u00f3 en Jap\u00f3n a fines del siglo XIX. A ra\u00edz de una pregunta de uno de sus alumnos, estuvo viajando&#8230; <a class=\"read-more\" href=\"https:\/\/shamay.eu\/es\/reiki\/history\/\">Leer m\u00e1s<\/a><\/p>\n","protected":false},"author":3,"featured_media":0,"parent":46,"menu_order":0,"comment_status":"open","ping_status":"closed","template":"template-full.php","meta":{"footnotes":""},"_links":{"self":[{"href":"https:\/\/shamay.eu\/es\/wp-json\/wp\/v2\/pages\/511"}],"collection":[{"href":"https:\/\/shamay.eu\/es\/wp-json\/wp\/v2\/pages"}],"about":[{"href":"https:\/\/shamay.eu\/es\/wp-json\/wp\/v2\/types\/page"}],"author":[{"embeddable":true,"href":"https:\/\/shamay.eu\/es\/wp-json\/wp\/v2\/users\/3"}],"replies":[{"embeddable":true,"href":"https:\/\/shamay.eu\/es\/wp-json\/wp\/v2\/comments?post=511"}],"version-history":[{"count":10,"href":"https:\/\/shamay.eu\/es\/wp-json\/wp\/v2\/pages\/511\/revisions"}],"predecessor-version":[{"id":572,"href":"https:\/\/shamay.eu\/es\/wp-json\/wp\/v2\/pages\/511\/revisions\/572"}],"up":[{"embeddable":true,"href":"https:\/\/shamay.eu\/es\/wp-json\/wp\/v2\/pages\/46"}],"wp:attachment":[{"href":"https:\/\/shamay.eu\/es\/wp-json\/wp\/v2\/media?parent=511"}],"curies":[{"name":"wp","href":"https:\/\/api.w.org\/{rel}","templated":true}]}}