{"id":56,"date":"2015-01-15T09:20:41","date_gmt":"2015-01-15T09:20:41","guid":{"rendered":"http:\/\/shamay.eu\/?page_id=56"},"modified":"2016-05-15T17:55:20","modified_gmt":"2016-05-15T17:55:20","slug":"articles","status":"publish","type":"page","link":"https:\/\/shamay.eu\/es\/articles\/","title":{"rendered":"Blog"},"content":{"rendered":"En\u00a0nuestro\u00a0blog\u00a0\u00abUn mundo de sabidur\u00eda\u00bb compartimos\u00a0lo que hemos ido aprendiendo durante los a\u00f1os, reflexiones \u00fatiles sobre diferentes temas, y comentarios de lo que vamos conociendo. Somos polifac\u00e9ticas: \u00a1disfruta!","protected":false},"excerpt":{"rendered":"<p>En\u00a0nuestro\u00a0blog\u00a0\u00abUn mundo de sabidur\u00eda\u00bb compartimos\u00a0lo que hemos ido aprendiendo durante los a\u00f1os, reflexiones \u00fatiles sobre diferentes temas, y comentarios de lo que vamos conociendo. Somos polifac\u00e9ticas: \u00a1disfruta!<\/p>\n","protected":false},"author":1,"featured_media":0,"parent":0,"menu_order":0,"comment_status":"open","ping_status":"open","template":"template-blog.php","meta":{"footnotes":""},"_links":{"self":[{"href":"https:\/\/shamay.eu\/es\/wp-json\/wp\/v2\/pages\/56"}],"collection":[{"href":"https:\/\/shamay.eu\/es\/wp-json\/wp\/v2\/pages"}],"about":[{"href":"https:\/\/shamay.eu\/es\/wp-json\/wp\/v2\/types\/page"}],"author":[{"embeddable":true,"href":"https:\/\/shamay.eu\/es\/wp-json\/wp\/v2\/users\/1"}],"replies":[{"embeddable":true,"href":"https:\/\/shamay.eu\/es\/wp-json\/wp\/v2\/comments?post=56"}],"version-history":[{"count":9,"href":"https:\/\/shamay.eu\/es\/wp-json\/wp\/v2\/pages\/56\/revisions"}],"predecessor-version":[{"id":880,"href":"https:\/\/shamay.eu\/es\/wp-json\/wp\/v2\/pages\/56\/revisions\/880"}],"wp:attachment":[{"href":"https:\/\/shamay.eu\/es\/wp-json\/wp\/v2\/media?parent=56"}],"curies":[{"name":"wp","href":"https:\/\/api.w.org\/{rel}","templated":true}]}}