{"id":1012,"date":"2016-10-29T14:07:42","date_gmt":"2016-10-29T14:07:42","guid":{"rendered":"http:\/\/shamay.eu\/?page_id=1012"},"modified":"2016-10-29T16:25:25","modified_gmt":"2016-10-29T16:25:25","slug":"phototherapy","status":"publish","type":"page","link":"https:\/\/shamay.eu\/sv\/phototherapy\/","title":{"rendered":"Ljusteknologi"},"content":{"rendered":"<iframe loading=\"lazy\" width=\"560\" height=\"315\" src=\"https:\/\/www.youtube.com\/embed\/Bt7cMFEgYKA\" frameborder=\"0\" allowfullscreen><\/iframe><\/p>\n<p>Vi har under\u00a0flera \u00e5r\u00a0anv\u00e4nt LifeWave ljusteknologiska pl\u00e5ster (&#8221;<em>patches<\/em>&#8221;) f\u00f6r att f\u00f6rb\u00e4ttra v\u00e5r h\u00e4lsa. Carinas favorit har varit &#8221;Energy&#8221;, f\u00f6r att kunna prestera optimalt under arbetet som \u00f6vers\u00e4ttare.<\/p>\n<p>Pl\u00e5stren \u00e4r icke-invasiva, vilket betyder att inga fr\u00e4mmande \u00e4mnen g\u00e5r in i kroppen n\u00e4r man anv\u00e4nder pl\u00e5stren. Ist\u00e4llet f\u00f6rst\u00e4rker de kroppens egen l\u00e4kningsf\u00f6rm\u00e5ga.<\/p>\n<p>Det finns flera h\u00f6gintressanta anv\u00e4ndningsomr\u00e5den:<\/p>\n<p>&#8211;<b> Energy <\/b>som h\u00f6jer den fysiska och mentala energiniv\u00e5n och d\u00e4rigenom f\u00f6rb\u00e4ttrar uth\u00e5lligheten. Det \u00e4r en favorit bland idrottare eftersom prestationsf\u00f6rm\u00e5gan f\u00f6rb\u00e4ttras utan n\u00e5gon form av doping.<br \/>\n&#8211; <strong>Aeon <\/strong>ett mycket effektivt anti-inflammatoriskt pl\u00e5ster, som ocks\u00e5 motverkar stress.<br \/>\n&#8211; <strong>IceWave<\/strong> f\u00f6r sm\u00e4rtlindring.<br \/>\n&#8211; <strong>Silent Nights<\/strong> som ger b\u00e4ttre s\u00f6mn.<br \/>\n&#8211; <strong>Carnosine<\/strong> f\u00f6r att ge \u00f6kad styrka och flexibilitet\/r\u00f6rlighet och som hj\u00e4lper kroppen att \u00e5terh\u00e4mta sig.<br \/>\n&#8211; <strong>Glutathoine<\/strong> \u00f6kar kroppens f\u00f6rm\u00e5ga att sj\u00e4lv\u00a0producera denna viktiga antioxidant och d\u00e4rigenom st\u00e4rka immunf\u00f6rsvaret.<br \/>\n&#8211; <strong>Alavida<\/strong> ett v\u00e4vnads\u00e5terskapande pl\u00e5ster, som motverkar \u00e5ldrande.<\/p>\n<p>Det finns ocks\u00e5 ett pl\u00e5ster f\u00f6r h\u00e4star &#8211; <strong>AcuLife <\/strong>som lindrar sm\u00e4rta och \u00f6kar djurets v\u00e4lbefinnande.<\/p>\n<p>P\u00e5 senare \u00e5r har LifeWave ocks\u00e5 byggt p\u00e5 systemet med tv\u00e5 ytterligare inriktningar, som vi tycker \u00e4r s\u00e4rskilt intressanta och\u00a0anv\u00e4ndbara:<\/p>\n<p>&#8211; <strong>Corsentials <\/strong>som kombinerar <strong>Aeon<\/strong> med\u00a0<strong>ThetaOne<\/strong> och <strong>ThetaActive<\/strong> (en f\u00f6rening baserad p\u00e5 Colostrum som hj\u00e4lper kroppen at producera tillv\u00e4xthormon och st\u00e4rker immunf\u00f6rsvaret).<br \/>\n&#8211; <strong>WinFit<\/strong> som \u00e4r ett fantastiskt system f\u00f6r att bygga muskler och samtidigt bli av med \u00f6verfl\u00f6digt fett och f\u00e5 den kropp som de flesta av oss \u00f6nskar &#8211; utan krav p\u00e5 en s\u00e4rskild diet eller behov av att \u00e4ta piller\/kosttillskott,\u00a0med ett minimum av tr\u00e4ning. Po\u00e4ngen \u00e4r att det \u00e4r s\u00e5 enkelt att alla kan klara det!<\/p>\n<p>Mer detaljerad information hittar du p\u00e5 v\u00e5r <a href=\"https:\/\/lifewave.com\/shamay\" target=\"_blank\">dedikerade hemsida<\/a>.<\/p>\n<p>Vi har ocks\u00e5 mer information om LifeWave och WinFit p\u00e5 v\u00e5r<a href=\"https:\/\/www.facebook.com\/ThomasCarinaEU\"> Facebook sida <\/a>och<a href=\"https:\/\/www.youtube.com\/channel\/UCYYUxC0rNzNNH-_sDA4UIrg\" target=\"_blank\"> YouTubekanal<\/a>.<\/p>\n<p>&nbsp;","protected":false},"excerpt":{"rendered":"<p>Vi har under\u00a0flera \u00e5r\u00a0anv\u00e4nt LifeWave ljusteknologiska pl\u00e5ster (&#8221;patches&#8221;) f\u00f6r att f\u00f6rb\u00e4ttra v\u00e5r h\u00e4lsa. Carinas favorit har varit &#8221;Energy&#8221;, f\u00f6r att kunna prestera optimalt under arbetet som \u00f6vers\u00e4ttare. Pl\u00e5stren \u00e4r icke-invasiva, vilket betyder att inga fr\u00e4mmande \u00e4mnen g\u00e5r in&#8230; <a class=\"read-more\" href=\"https:\/\/shamay.eu\/sv\/phototherapy\/\">L\u00e4s mer<\/a><\/p>\n","protected":false},"author":6,"featured_media":0,"parent":0,"menu_order":0,"comment_status":"closed","ping_status":"closed","template":"","meta":{"footnotes":""},"_links":{"self":[{"href":"https:\/\/shamay.eu\/sv\/wp-json\/wp\/v2\/pages\/1012"}],"collection":[{"href":"https:\/\/shamay.eu\/sv\/wp-json\/wp\/v2\/pages"}],"about":[{"href":"https:\/\/shamay.eu\/sv\/wp-json\/wp\/v2\/types\/page"}],"author":[{"embeddable":true,"href":"https:\/\/shamay.eu\/sv\/wp-json\/wp\/v2\/users\/6"}],"replies":[{"embeddable":true,"href":"https:\/\/shamay.eu\/sv\/wp-json\/wp\/v2\/comments?post=1012"}],"version-history":[{"count":9,"href":"https:\/\/shamay.eu\/sv\/wp-json\/wp\/v2\/pages\/1012\/revisions"}],"predecessor-version":[{"id":1028,"href":"https:\/\/shamay.eu\/sv\/wp-json\/wp\/v2\/pages\/1012\/revisions\/1028"}],"wp:attachment":[{"href":"https:\/\/shamay.eu\/sv\/wp-json\/wp\/v2\/media?parent=1012"}],"curies":[{"name":"wp","href":"https:\/\/api.w.org\/{rel}","templated":true}]}}