{"id":413,"date":"2015-02-13T12:01:55","date_gmt":"2015-02-13T12:01:55","guid":{"rendered":"http:\/\/shamay.eu\/?page_id=413"},"modified":"2016-05-17T14:16:27","modified_gmt":"2016-05-17T14:16:27","slug":"akashics","status":"publish","type":"page","link":"https:\/\/shamay.eu\/sv\/treatments\/akashics\/","title":{"rendered":"Akashic Records"},"content":{"rendered":"Under en konsultering sitter vi tillsammans och behandlar djupa fr\u00e5gor f\u00f6r att f\u00e5 lite klarhet \u00f6ver ditt liv. <\/p>\n<p>L\u00e4ngd: 50 min<br \/>\nPris: 600 SEK (Kan g\u00f6ras via Skype)<\/p>","protected":false},"excerpt":{"rendered":"<p>Under en konsultering sitter vi tillsammans och behandlar djupa fr\u00e5gor f\u00f6r att f\u00e5 lite klarhet \u00f6ver ditt liv. L\u00e4ngd: 50 min Pris: 600 SEK (Kan g\u00f6ras via Skype)<\/p>\n","protected":false},"author":3,"featured_media":415,"parent":24,"menu_order":0,"comment_status":"open","ping_status":"open","template":"","meta":{"footnotes":""},"_links":{"self":[{"href":"https:\/\/shamay.eu\/sv\/wp-json\/wp\/v2\/pages\/413"}],"collection":[{"href":"https:\/\/shamay.eu\/sv\/wp-json\/wp\/v2\/pages"}],"about":[{"href":"https:\/\/shamay.eu\/sv\/wp-json\/wp\/v2\/types\/page"}],"author":[{"embeddable":true,"href":"https:\/\/shamay.eu\/sv\/wp-json\/wp\/v2\/users\/3"}],"replies":[{"embeddable":true,"href":"https:\/\/shamay.eu\/sv\/wp-json\/wp\/v2\/comments?post=413"}],"version-history":[{"count":6,"href":"https:\/\/shamay.eu\/sv\/wp-json\/wp\/v2\/pages\/413\/revisions"}],"predecessor-version":[{"id":894,"href":"https:\/\/shamay.eu\/sv\/wp-json\/wp\/v2\/pages\/413\/revisions\/894"}],"up":[{"embeddable":true,"href":"https:\/\/shamay.eu\/sv\/wp-json\/wp\/v2\/pages\/24"}],"wp:featuredmedia":[{"embeddable":true,"href":"https:\/\/shamay.eu\/sv\/wp-json\/wp\/v2\/media\/415"}],"wp:attachment":[{"href":"https:\/\/shamay.eu\/sv\/wp-json\/wp\/v2\/media?parent=413"}],"curies":[{"name":"wp","href":"https:\/\/api.w.org\/{rel}","templated":true}]}}