{"id":416,"date":"2015-02-13T12:13:13","date_gmt":"2015-02-13T12:13:13","guid":{"rendered":"http:\/\/shamay.eu\/?page_id=416"},"modified":"2015-10-16T10:07:34","modified_gmt":"2015-10-16T10:07:34","slug":"consulting","status":"publish","type":"page","link":"https:\/\/shamay.eu\/sv\/testimonials\/consulting\/","title":{"rendered":"Om  konsultering"},"content":{"rendered":"<p><\/p>\n<p>&#8221;Att f\u00e5 konsultering av Tisha gav mig en djupare f\u00f6rst\u00e5else f\u00f6r varf\u00f6r jag \u00e4r h\u00e4r p\u00e5 jorden, vad min riktning b\u00f6r vara, f\u00f6r att jag ska f\u00e5 ett s\u00e5 harmoniskt liv som m\u00f6jligt. Det mesta jag fick besked om st\u00e4mde till punkt och prickat vad min intuition har sagt mig, men som jag kan k\u00e4nna mig r\u00e4dd att v\u00e5ga lita p\u00e5. Tishas lugna v\u00e4gledande ord ber\u00f6rde mig och har st\u00e4rkt mitt mod. Jag \u00e4r fylld med entusiam inf\u00f6r framtiden&#8221;.<\/p>\n<p>Towe, Malm\u00f6<\/p>\n<p><\/p>","protected":false},"excerpt":{"rendered":"<p>&#8221;Att f\u00e5 konsultering av Tisha gav mig en djupare f\u00f6rst\u00e5else f\u00f6r varf\u00f6r jag \u00e4r h\u00e4r p\u00e5 jorden, vad min riktning b\u00f6r vara, f\u00f6r att jag ska f\u00e5 ett s\u00e5 harmoniskt liv som m\u00f6jligt. Det mesta jag fick besked&#8230; <a class=\"read-more\" href=\"https:\/\/shamay.eu\/sv\/testimonials\/consulting\/\">L\u00e4s mer<\/a><\/p>\n","protected":false},"author":3,"featured_media":0,"parent":182,"menu_order":0,"comment_status":"open","ping_status":"open","template":"","meta":{"footnotes":""},"_links":{"self":[{"href":"https:\/\/shamay.eu\/sv\/wp-json\/wp\/v2\/pages\/416"}],"collection":[{"href":"https:\/\/shamay.eu\/sv\/wp-json\/wp\/v2\/pages"}],"about":[{"href":"https:\/\/shamay.eu\/sv\/wp-json\/wp\/v2\/types\/page"}],"author":[{"embeddable":true,"href":"https:\/\/shamay.eu\/sv\/wp-json\/wp\/v2\/users\/3"}],"replies":[{"embeddable":true,"href":"https:\/\/shamay.eu\/sv\/wp-json\/wp\/v2\/comments?post=416"}],"version-history":[{"count":6,"href":"https:\/\/shamay.eu\/sv\/wp-json\/wp\/v2\/pages\/416\/revisions"}],"predecessor-version":[{"id":546,"href":"https:\/\/shamay.eu\/sv\/wp-json\/wp\/v2\/pages\/416\/revisions\/546"}],"up":[{"embeddable":true,"href":"https:\/\/shamay.eu\/sv\/wp-json\/wp\/v2\/pages\/182"}],"wp:attachment":[{"href":"https:\/\/shamay.eu\/sv\/wp-json\/wp\/v2\/media?parent=416"}],"curies":[{"name":"wp","href":"https:\/\/api.w.org\/{rel}","templated":true}]}}