{"id":46,"date":"2015-01-15T09:15:15","date_gmt":"2015-01-15T09:15:15","guid":{"rendered":"http:\/\/shamay.eu\/?page_id=46"},"modified":"2016-10-29T14:07:03","modified_gmt":"2016-10-29T14:07:03","slug":"reiki","status":"publish","type":"page","link":"https:\/\/shamay.eu\/sv\/reiki\/","title":{"rendered":"&#8221;V\u00e5r Reiki&#8221;"},"content":{"rendered":"<a href=\"http:\/\/shamay.eu\/wp-content\/uploads\/2015\/01\/reiki.bmp\"><img loading=\"lazy\" decoding=\"async\" width=\"149\" height=\"194\" class=\"size-full wp-image-569 alignright\" src=\"http:\/\/shamay.eu\/wp-content\/uploads\/2015\/01\/reiki.bmp\" alt=\"reiki\" \/><\/a>Vi hade turen att l\u00e4ra oss Reiki n\u00e4r den f\u00f6rst kom till Europa, n\u00e4r det bara fanns en enda &#8221;typ&#8221; av Reiki. V\u00e5r master, Anugama Marg fr\u00e5n Tyskland, var den f\u00f6rsta Reiki mastern som initierades i Europa (den f\u00f6rsta Europeiska Reiki mastern var Brigitte M\u00fcller,som initierades i USA).<\/p>\n<p style=\"text-align: center;\"><a href=\"http:\/\/shamay.eu\/wp-content\/uploads\/2015\/01\/Mayni_Anugama_Tisha.jpg\"><img loading=\"lazy\" decoding=\"async\" width=\"300\" height=\"295\" class=\"aligncenter size-medium wp-image-439\" src=\"http:\/\/shamay.eu\/wp-content\/uploads\/2015\/01\/Mayni_Anugama_Tisha-300x295.jpg\" alt=\"???????????????????????????????\" srcset=\"https:\/\/shamay.eu\/wp-content\/uploads\/2015\/01\/Mayni_Anugama_Tisha-300x295.jpg 300w, https:\/\/shamay.eu\/wp-content\/uploads\/2015\/01\/Mayni_Anugama_Tisha.jpg 865w\" sizes=\"(max-width: 300px) 100vw, 300px\" \/><\/a><\/p>\n<p><em>Bild: Mayni, Anugama och Tisha 2011.<\/em><\/p>\n<p><a title=\"Who is Mayni\" href=\"http:\/\/shamay.eu\/sv\/mayni\/\">Mayni<\/a> l\u00e4rde sig F\u00f6rsta Graden \u00e5r 1986, Andra Graden \u00e5r 1987, och blev klar i utbildningen som master \u00e5r 1993, d\u00e5 hon l\u00e4mnade bakom sig en framg\u00e5ngsrik karri\u00e4r som arkitekt f\u00f6r att \u00e4gna sig \u00e5t undervisningen.<\/p>\n<p>Tisha l\u00e4rde sig F\u00f6rsta Graden \u00e5r 1987 och Andra Graden \u00e5r 1991.<\/p>\n<p>Reiki (Usui System of Reiki Healing TM) \u00e4r ett specifikt s\u00e4tt att kanalisera universums energi (Ki, Chi, Prana, Nous, Kau&#8217;sai, Ruaj beroende p\u00e5 kulturen, den d\u00e4r &#8221;energi av ljus och k\u00e4rlek som s\u00e4tter universum i r\u00f6relse&#8221;) och anv\u00e4nda det f\u00f6r att hela den fysiska kroppen men \u00e4ven minnet, k\u00e4nslorna, spirituella blockeringar. Det k\u00e4nns avslappnande, inspirerande och ger en djup k\u00e4nsla av frid och v\u00e4lbefinnande.<\/p>\n<p>Vi inkluderar Reiki i v\u00e5ra diverse behandlingar (se mer om dem specifikt under menyn Behandlingar) och du kan ocks\u00e5 f\u00e5 <a href=\"http:\/\/shamay.eu\/sv\/treatments\/reiki\/\">behandlingar med enbart Reiki<\/a>.<\/p>\n<p>Mayni undervisar ocks\u00e5 Reikikurser, och hon erbjuder en f\u00f6rsta gratis f\u00f6rel\u00e4sning f\u00f6rst som introduktion. Som Reiki\u00a0master, tillh\u00f6r hon The Reiki Alliance, s\u00e5 hon undervisar i\u00a0Usui Shiki Ryoho (se &#8221;<a href=\"http:\/\/shamay.eu\/reiki\/9-points\/\" target=\"_blank\">The\u00a09 elements of the form<\/a>&#8221;\u00a0som definierar Systemet, eller l\u00e4s g\u00e4rna\u00a0<a href=\"http:\/\/shamay.eu\/2015\/10\/26\/usui-shiki-ryoho\/\" target=\"_blank\">blogginl\u00e4gget<\/a>\u00a0vi skrev som f\u00f6rklarar ifall du vill veta mer).<\/p>\n<p>Reiki (Usui System of Reiki Healing TM) \u00e4r ett konkret\u00a0s\u00e4tt att kanalysera universums energi\u00a0(Ki, Chi, Prana, Nous, Kau&#8217;sai, Ruaj beroende p\u00e5 kulturen har kallat denna &#8221;energi av ljus och k\u00e4rlek som s\u00e4tter universum i r\u00f6relse&#8221;) och anv\u00e4nda det f\u00f6r djupt helande av den fysiska kroppen (\u00e4nda ner till sj\u00e4lva r\u00f6tterna av problemet) och \u00e4ven sinnet, k\u00e4nslor, spirituella blockeringar. Det k\u00e4nns avslappnande, inspirerande och ger dig en djup k\u00e4nsla av frid och v\u00e4lbehag.<\/p>\n<p>Du kan l\u00e4sa mera om Reiki i de olika submenyerna i menyn &#8221;Reiki&#8221; h\u00e4r ovan. Eller f\u00f6rst\u00e5s skriva till oss om du har fr\u00e5gor!","protected":false},"excerpt":{"rendered":"<p>Vi hade turen att l\u00e4ra oss Reiki n\u00e4r den f\u00f6rst kom till Europa, n\u00e4r det bara fanns en enda &#8221;typ&#8221; av Reiki. V\u00e5r master, Anugama Marg fr\u00e5n Tyskland, var den f\u00f6rsta Reiki mastern som initierades i Europa (den&#8230; <a class=\"read-more\" href=\"https:\/\/shamay.eu\/sv\/reiki\/\">L\u00e4s mer<\/a><\/p>\n","protected":false},"author":1,"featured_media":0,"parent":0,"menu_order":0,"comment_status":"open","ping_status":"open","template":"template-full.php","meta":{"footnotes":""},"_links":{"self":[{"href":"https:\/\/shamay.eu\/sv\/wp-json\/wp\/v2\/pages\/46"}],"collection":[{"href":"https:\/\/shamay.eu\/sv\/wp-json\/wp\/v2\/pages"}],"about":[{"href":"https:\/\/shamay.eu\/sv\/wp-json\/wp\/v2\/types\/page"}],"author":[{"embeddable":true,"href":"https:\/\/shamay.eu\/sv\/wp-json\/wp\/v2\/users\/1"}],"replies":[{"embeddable":true,"href":"https:\/\/shamay.eu\/sv\/wp-json\/wp\/v2\/comments?post=46"}],"version-history":[{"count":17,"href":"https:\/\/shamay.eu\/sv\/wp-json\/wp\/v2\/pages\/46\/revisions"}],"predecessor-version":[{"id":1013,"href":"https:\/\/shamay.eu\/sv\/wp-json\/wp\/v2\/pages\/46\/revisions\/1013"}],"wp:attachment":[{"href":"https:\/\/shamay.eu\/sv\/wp-json\/wp\/v2\/media?parent=46"}],"curies":[{"name":"wp","href":"https:\/\/api.w.org\/{rel}","templated":true}]}}