{"id":48,"date":"2015-01-15T09:15:48","date_gmt":"2015-01-15T09:15:48","guid":{"rendered":"http:\/\/shamay.eu\/?page_id=48"},"modified":"2015-04-03T17:05:28","modified_gmt":"2015-04-03T17:05:28","slug":"aura-healing","status":"publish","type":"page","link":"https:\/\/shamay.eu\/sv\/treatments\/aura-healing\/","title":{"rendered":"Aurahealing"},"content":{"rendered":"<p>Aurahealing \u00e4r n\u00e5got vi brukar l\u00e4gga till som en del av den fullst\u00e4ndinga Reikibehandlingen, men det kan man ocks\u00e5 g\u00f6ra separat som kortare (men mycket stark) form av healing.<\/p>\n<p>Auran, eller den elektromagnetiska f\u00e4ltet som finns runt omkring den fysiska kroppen, \u00e4r ett m\u00e4tbart energif\u00e4lt som man kan fotografera med en Kirliankamera, till exempel. Den skadas n\u00e4r vi upplever emotionell chock eller trauma, och den samlar p\u00e5 sig &#8221;energismuts&#8221;, s\u00e5 att rensa den \u00e4r n\u00e5got som rekommenderas med j\u00e4mna mellanrum (n\u00e5gra m\u00e5nader kanske) eller n\u00e4r du k\u00e4nner att du upplevt n\u00e5got chockerande eller uppr\u00f6rande. <\/p>\n<p>Behandlingen g\u00f6rs med kl\u00e4derna p\u00e5, man kan ligga eller sitta ner, som du f\u00f6redrar. Vi anv\u00e4nder speciella Reikitekniker och eteriska oljor och det k\u00e4nns v\u00e4ldigt avslappnande.<\/p>\n<p>L\u00e4ngd: 30 minuter<\/p>\n<p>Pris: 400 SEK<\/p>","protected":false},"excerpt":{"rendered":"<p>Aurahealing \u00e4r n\u00e5got vi brukar l\u00e4gga till som en del av den fullst\u00e4ndinga Reikibehandlingen, men det kan man ocks\u00e5 g\u00f6ra separat som kortare (men mycket stark) form av healing. Auran, eller den elektromagnetiska f\u00e4ltet som finns runt omkring&#8230; <a class=\"read-more\" href=\"https:\/\/shamay.eu\/sv\/treatments\/aura-healing\/\">L\u00e4s mer<\/a><\/p>\n","protected":false},"author":1,"featured_media":494,"parent":24,"menu_order":0,"comment_status":"open","ping_status":"open","template":"template-full.php","meta":{"footnotes":""},"_links":{"self":[{"href":"https:\/\/shamay.eu\/sv\/wp-json\/wp\/v2\/pages\/48"}],"collection":[{"href":"https:\/\/shamay.eu\/sv\/wp-json\/wp\/v2\/pages"}],"about":[{"href":"https:\/\/shamay.eu\/sv\/wp-json\/wp\/v2\/types\/page"}],"author":[{"embeddable":true,"href":"https:\/\/shamay.eu\/sv\/wp-json\/wp\/v2\/users\/1"}],"replies":[{"embeddable":true,"href":"https:\/\/shamay.eu\/sv\/wp-json\/wp\/v2\/comments?post=48"}],"version-history":[{"count":6,"href":"https:\/\/shamay.eu\/sv\/wp-json\/wp\/v2\/pages\/48\/revisions"}],"predecessor-version":[{"id":489,"href":"https:\/\/shamay.eu\/sv\/wp-json\/wp\/v2\/pages\/48\/revisions\/489"}],"up":[{"embeddable":true,"href":"https:\/\/shamay.eu\/sv\/wp-json\/wp\/v2\/pages\/24"}],"wp:featuredmedia":[{"embeddable":true,"href":"https:\/\/shamay.eu\/sv\/wp-json\/wp\/v2\/media\/494"}],"wp:attachment":[{"href":"https:\/\/shamay.eu\/sv\/wp-json\/wp\/v2\/media?parent=48"}],"curies":[{"name":"wp","href":"https:\/\/api.w.org\/{rel}","templated":true}]}}