{"id":50,"date":"2015-01-15T09:16:08","date_gmt":"2015-01-15T09:16:08","guid":{"rendered":"http:\/\/shamay.eu\/?page_id=50"},"modified":"2015-02-02T20:25:14","modified_gmt":"2015-02-02T20:25:14","slug":"chakras-gemstones","status":"publish","type":"page","link":"https:\/\/shamay.eu\/sv\/chakras-gemstones\/","title":{"rendered":"Chakras och \u00e4delstenar"},"content":{"rendered":"<p><a href=\"http:\/\/shamay.eu\/wp-content\/uploads\/2015\/01\/chakrashombreleo.jpg\"><img loading=\"lazy\" decoding=\"async\" width=\"270\" height=\"267\" class=\"alignnone size-full wp-image-281\" src=\"http:\/\/shamay.eu\/wp-content\/uploads\/2015\/01\/chakrashombreleo.jpg\" alt=\"chakrashombreleo\" \/><\/a><\/p>\n<p>Vi har 7 st energicenter i kroppen, som kallas Chakras. Var och en tar hand om energifl\u00f6det i en grupp organ\/kroppsdelar.<\/p>\n<p>Genom att l\u00e4gga \u00e4delstenar av s\u00e4rskilda f\u00e4rger p\u00e5 dem och balansera dem med Reiki, vi ser till att energifl\u00f6det blir r\u00e4tt i de olika kroppsmeridianerna och chakras.<\/p>\n<p>Chakrabehandlingen g\u00f6rs med kl\u00e4derna p\u00e5, man ligger p\u00e5 en massagebrits, med en filt eller t\u00e4cke.<\/p>\n<p>L\u00e4ngd: 45 min<\/p>\n<p>Pris: 450 SEK<\/p>","protected":false},"excerpt":{"rendered":"<p>Vi har 7 st energicenter i kroppen, som kallas Chakras. Var och en tar hand om energifl\u00f6det i en grupp organ\/kroppsdelar. Genom att l\u00e4gga \u00e4delstenar av s\u00e4rskilda f\u00e4rger p\u00e5 dem och balansera dem med Reiki, vi ser till&#8230; <a class=\"read-more\" href=\"https:\/\/shamay.eu\/sv\/chakras-gemstones\/\">L\u00e4s mer<\/a><\/p>\n","protected":false},"author":1,"featured_media":0,"parent":0,"menu_order":0,"comment_status":"open","ping_status":"open","template":"template-full.php","meta":{"footnotes":""},"_links":{"self":[{"href":"https:\/\/shamay.eu\/sv\/wp-json\/wp\/v2\/pages\/50"}],"collection":[{"href":"https:\/\/shamay.eu\/sv\/wp-json\/wp\/v2\/pages"}],"about":[{"href":"https:\/\/shamay.eu\/sv\/wp-json\/wp\/v2\/types\/page"}],"author":[{"embeddable":true,"href":"https:\/\/shamay.eu\/sv\/wp-json\/wp\/v2\/users\/1"}],"replies":[{"embeddable":true,"href":"https:\/\/shamay.eu\/sv\/wp-json\/wp\/v2\/comments?post=50"}],"version-history":[{"count":6,"href":"https:\/\/shamay.eu\/sv\/wp-json\/wp\/v2\/pages\/50\/revisions"}],"predecessor-version":[{"id":355,"href":"https:\/\/shamay.eu\/sv\/wp-json\/wp\/v2\/pages\/50\/revisions\/355"}],"wp:attachment":[{"href":"https:\/\/shamay.eu\/sv\/wp-json\/wp\/v2\/media?parent=50"}],"curies":[{"name":"wp","href":"https:\/\/api.w.org\/{rel}","templated":true}]}}