{"id":535,"date":"2015-10-14T14:41:34","date_gmt":"2015-10-14T14:41:34","guid":{"rendered":"http:\/\/shamay.eu\/?page_id=535"},"modified":"2015-10-27T09:19:17","modified_gmt":"2015-10-27T09:19:17","slug":"network","status":"publish","type":"page","link":"https:\/\/shamay.eu\/sv\/about-us\/network\/","title":{"rendered":"N\u00e4tverk"},"content":{"rendered":"<div align=\"center\">\n<p style=\"text-align: left;\"><strong><a href=\"http:\/\/shamay.eu\/mayni\/\" target=\"_blank\">Mayni<\/a>\u00a0<\/strong>teaches usually in Spain: Madrid, the Balearic islands (Palma de Mallorca, S\u00f3ller), Galicia (Orense, A Coru\u00f1a), and Sweden (Malm\u00f6). Less frequently in Segovia, Cuenca, Barcelona, and the Canary Islands (Las Palmas, Tenerife). Also in Argentina (Rosario, C\u00f3rdoba and Jujuy) and the USA (Utah).\u00a0\u00a0If there is a group of 8 or more pupils, she can teach a course in your\u00a0town.<\/p>\n<p style=\"text-align: center;\"><strong><em>Masters initiated by Mayni (in order in which they were initiated)<\/em><\/strong><\/p>\n<ul>\n<li style=\"text-align: left;\"><em><strong>Paloma Carbonell<\/strong>,\u00a0member of The Reiki Alliance. She lives in Guadalajara\/Madrid and teaches also in other provinces. Phone:\u00a0686 88 58 35 \u00a0Email:\u00a0<span id=\"cloak90650\"><a href=\"mailto:paloma_carbonell@yahoo.es\">paloma_carbonell@yahoo.es<\/a><\/span>\u00a0\u00a0Web: <a href=\"http:\/\/paloma-reikialliance.com\" target=\"_blank\">http:\/\/paloma-reikialliance.com<\/a>\u00a0<\/em><\/li>\n<li style=\"text-align: left;\"><em><strong>Lola Zapatero<\/strong>,\u00a0member of The Reiki Alliance. She lives in Alcobendas (Madrid). Phone: 650 43 90 72 Email:\u00a0<span id=\"cloak37107\"><a href=\"mailto:lozapatero@telefonica.net\">lozapatero@telefonica.net<\/a>.<\/span>\u00a0She speaks Spanish and German (sie spricht Deutsch).<\/em><\/li>\n<li style=\"text-align: left;\"><em><strong>Esther Rodr\u00edguez Camacho<\/strong>,\u00a0member of The Reiki Alliance. She lives in Madrid and teaches there and in Cuenca. She speaks English and Spanish. Phone:\u00a0618 609 209 Email:\u00a0<span class=\"Estilo21\"><span id=\"cloak25271\"><a href=\"mailto:correo@esther-reikialliance.com\">correo@esther-reikialliance.com<\/a><\/span>\u00a0W<\/span>eb:\u00a0<a href=\"http:\/\/esther-reikialliance.com\/\">http:\/\/esther-reikialliance.com<\/a>\u00a0.<\/em><\/li>\n<li style=\"text-align: left;\"><em><strong>Eva Mar\u00eda Casillas<\/strong>, member of The Reiki Alliance. She speaks English and Spanish. Phones: 637 390 995 and 986 15 21 59. Email:\u00a0<span id=\"cloak55800\"><a href=\"mailto:reiki@evacasillas.net\">reiki@evacasillas.net<\/a>\u00a0W<\/span>eb: <a href=\"http:\/\/reiki.evacasillas.net\">http:\/\/reiki.evacasillas.net<\/a>\u00a0<\/em><\/li>\n<li style=\"text-align: left;\"><em><strong>Miguel Castro L\u00f3pez<\/strong>. Lives in Palma de Mallorca (Spain) and offers Reiki treatments. Phone: 971 75 16 76.<\/em><\/li>\n<\/ul>\n<p>&nbsp;<\/p>\n<\/div>\n<p>Masters of The Reiki Alliance are one in the energy. You can rest assured that, if initiated (attuned) by a Reiki Alliance master, you will have this same energy in your hands (although knowledge taught will vary, naturally, from master to master). If you want to know of a master of &#8221;The Reiki Alliance&#8221;\u00a0 that lives close to you,\u00a0<span id=\"cloak78933\"><a href=\"mailto:aceves@mayni-reikialliance.com\">send an e-mail\u00a0<\/a><\/span>to Mayni.<\/p>\n<p>You can also check\u00a0the\u00a0<a href=\"http:\/\/reikialliance.com\/en\/find\" target=\"_blank\">international page of The Reiki Alliance<\/a>\u00a0for a partial list of masters and the countries they work in.<\/p>\n<p>Becoming a master is an individual and personalized process lasting 1-8 years, with the purpose of training the individual so he\/she can teach others. Mayni takes this training very seriously, and in the 22\u00a0years she has been working full-time as a Reiki Master, she has only initiated 5\u00a0masters: Paloma, Lola, Esther, Eva and Miguel.<\/p>\n<p>&nbsp;<\/p>\n<p style=\"text-align: center;\"><strong>Directory of Therapists<\/strong><\/p>\n<p><em>Many of Mayni&#8217;s experienced students work as therapists in diverse cities. Here we offer a list so you may know of some people who can give you treatments in your area, and what language(s) they speak. (Note: if you are a student of Mayni&#8217;s and wish to be a part of this list, free of charge, please let us know).<\/em><\/p>\n<p>&nbsp;<\/p>\n<p>In Spain<\/p>\n<table width=\"100%\">\n<tbody>\n<tr>\n<td width=\"23%\">REGION<\/td>\n<td width=\"75%\">CITY<\/td>\n<\/tr>\n<tr>\n<td width=\"23%\">Cuenca<\/td>\n<td width=\"75%\">and\u00a0Madrid: Javier Pino (also regressions and weight loss with virtual gastric band) <a href=\"http:\/\/www.jpterapias.es\">www.jpterapias.es<\/a>\u00a0tel. 633 320 129. Spanish and English.<\/td>\n<\/tr>\n<tr>\n<td width=\"24%\">Madrid<\/td>\n<td width=\"76%\">Alcal\u00e1 de Henares: Esther Rodr\u00edguez Camacho (also Bach Flower Practitioner, naturopathy and iridiology) tel. 618 609 209 <a href=\"http:\/\/esther-reikialliance.com\">http:\/\/esther-reikialliance.com<\/a>\u00a0English and Spanish.<\/td>\n<\/tr>\n<tr>\n<td width=\"24%\"><\/td>\n<td width=\"76%\">Las Rozas: Beatriz Rodr\u00edguez de Guzm\u00e1n, tel.\u00a0608.91.30.08, email: <a href=\"mailto:beatrizrdgv@gmail.com\">beatrizrdgv@gmail.com<\/a>. English and Spanish.<\/td>\n<\/tr>\n<tr>\n<td width=\"24%\"><\/td>\n<td width=\"76%\">Madrid capital: Natalia Fern\u00e1ndez Santamarina, tel. 630 94 24 30<\/td>\n<\/tr>\n<tr>\n<td width=\"24%\">Mallorca<\/td>\n<td width=\"76%\">Palma and\u00a0Establiments: Miguel Castro and\u00a0Dr. Ana Mena, Centro Sakura (also beauty clinic and Bach Flowers). Tel. 971 20 94 56.\u00a0English, Mallorquin, and Spanish.<\/td>\n<\/tr>\n<tr>\n<td width=\"24%\"><\/td>\n<td width=\"76%\">Palma: Ivanna\u00a0Almeida tel. 606 612 998. English and Spanish.<\/td>\n<\/tr>\n<tr>\n<td width=\"24%\"><\/td>\n<td width=\"76%\">S\u00f3ller: Marga Jaume tel. 971 63 04 45 Mallorqu\u00edn and Spanish.<\/td>\n<\/tr>\n<tr>\n<td width=\"24%\"><\/td>\n<td width=\"76%\">Sa Vileta: Mario Font\u00e1n (also osteopath and chiropractor). tel. 971 79 97 13. Spanish.<\/td>\n<\/tr>\n<tr>\n<td width=\"24%\">Orense<\/td>\n<td width=\"76%\">Loiro (Ourense): Centro de Terapias Pr\u00e1nadi (Manoli and\u00a0Nazareth, also chiropractors, massage with essential oils). Tel. 988 38 31 38. Gallego, French, and Spanish.<\/td>\n<\/tr>\n<tr>\n<td width=\"23%\">Pontevedra<\/td>\n<td width=\"75%\">Covelo: Eva Casillas (also mantra chanting and Pilates) tel. 637 39 09 95\u00a0 <a href=\"http:\/\/reiki.evacasillas.net\">http:\/\/\/reiki.evacasillas.net<\/a><\/td>\n<\/tr>\n<tr>\n<td width=\"23%\">Toledo<\/td>\n<td width=\"75%\">Talavera de la Reina: Luz C. Salas\u00a0 tel. 618 256 918. Also\u00a0shiatsu. English and Spanish.<\/td>\n<\/tr>\n<\/tbody>\n<\/table>\n<p>In other countries<\/p>\n<table width=\"100%\">\n<tbody>\n<tr>\n<td width=\"24%\">COUNTRY<\/td>\n<td width=\"76%\">AREA, CITY<\/td>\n<\/tr>\n<tr>\n<td width=\"24%\">United States<\/td>\n<td width=\"76%\">Utah, Orem: Celia Hemingway (Reiki, Bach Flowers, massage and energy techniques, also yoga lessons). tel. 801 &#8211; 369 4031. English, Portuguese, and Spanish.<\/td>\n<\/tr>\n<\/tbody>\n<\/table>\n<p>&nbsp;","protected":false},"excerpt":{"rendered":"<p>Mayni\u00a0teaches usually in Spain: Madrid, the Balearic islands (Palma de Mallorca, S\u00f3ller), Galicia (Orense, A Coru\u00f1a), and Sweden (Malm\u00f6). Less frequently in Segovia, Cuenca, Barcelona, and the Canary Islands (Las Palmas, Tenerife). Also in Argentina (Rosario, C\u00f3rdoba and&#8230; <a class=\"read-more\" href=\"https:\/\/shamay.eu\/sv\/about-us\/network\/\">L\u00e4s mer<\/a><\/p>\n","protected":false},"author":3,"featured_media":0,"parent":22,"menu_order":0,"comment_status":"open","ping_status":"closed","template":"template-full.php","meta":{"footnotes":""},"_links":{"self":[{"href":"https:\/\/shamay.eu\/sv\/wp-json\/wp\/v2\/pages\/535"}],"collection":[{"href":"https:\/\/shamay.eu\/sv\/wp-json\/wp\/v2\/pages"}],"about":[{"href":"https:\/\/shamay.eu\/sv\/wp-json\/wp\/v2\/types\/page"}],"author":[{"embeddable":true,"href":"https:\/\/shamay.eu\/sv\/wp-json\/wp\/v2\/users\/3"}],"replies":[{"embeddable":true,"href":"https:\/\/shamay.eu\/sv\/wp-json\/wp\/v2\/comments?post=535"}],"version-history":[{"count":23,"href":"https:\/\/shamay.eu\/sv\/wp-json\/wp\/v2\/pages\/535\/revisions"}],"predecessor-version":[{"id":631,"href":"https:\/\/shamay.eu\/sv\/wp-json\/wp\/v2\/pages\/535\/revisions\/631"}],"up":[{"embeddable":true,"href":"https:\/\/shamay.eu\/sv\/wp-json\/wp\/v2\/pages\/22"}],"wp:attachment":[{"href":"https:\/\/shamay.eu\/sv\/wp-json\/wp\/v2\/media?parent=535"}],"curies":[{"name":"wp","href":"https:\/\/api.w.org\/{rel}","templated":true}]}}