{"id":58,"date":"2015-01-15T10:06:20","date_gmt":"2015-01-15T10:06:20","guid":{"rendered":"http:\/\/shamay.eu\/?page_id=58"},"modified":"2015-10-16T10:33:56","modified_gmt":"2015-10-16T10:33:56","slug":"contact","status":"publish","type":"page","link":"https:\/\/shamay.eu\/sv\/contact\/","title":{"rendered":"Kontakt"},"content":{"rendered":"<p><\/p>\n<p>Tisha och Mayni har permanent mottagning i Malm\u00f6 och erbjuder behandlingar periodsvis i Palma de Mallorca (Spanien). N\u00e4r du kommer till oss personligen kan du f\u00e5 Reikibehandlingar, chakras och \u00e4delstenar, aurahealing och h\u00e4lsocoaching, bland annat.<\/p>\n<p>Coaching erbjuds \u00e4ven via Skype.<\/p>\n<p>Pga hur Usui System fungerar, erbjuds Reikikurserna bara personligen. Man kan inte l\u00e4ra sig Reiki online. Mayni undervisar i Reiki i ett flertal st\u00e4der i v\u00e4rlden, d\u00e4r eleverna samlas. Kolla in v\u00e5r Kalender och om du inte ser din stad d\u00e4r, kontakta oss g\u00e4rna f\u00f6r att organisera en kurs. Anm: Mayni undervisar p\u00e5 spanska men samarbetar g\u00e4rna med en tolk vid behov.<\/p>\n<p>Du kan ringa oss p\u00e5 v\u00e5rt svenska nummer 0728 726 120 eller den spanska om du f\u00f6redrar (den \u00e4r VOIP s\u00e5 vi har den h\u00e4r hos oss ocks\u00e5): (+34) 971 94 90 54.<\/p>\n<p>Om du vill ha mer information om v\u00e5ra tj\u00e4nster, boka en behandling eller boka din gratis f\u00f6rsta konsultering med Tisha som coach, skicka oss g\u00e4rna en epost till info@shamay.eu eller via formen h\u00e4r nere.<\/p>\n<p>You can also find us on <a href=\"https:\/\/www.facebook.com\/ShamayHolisticSolutions\">Facebook<\/a>, <a href=\"https:\/\/twitter.com\/TishaKlemetz\">Twitter<\/a> and our <a href=\"https:\/\/www.youtube.com\/user\/shamayplus\">YouTube channel<\/a>\u00a0(in English)<\/p>\n<p>Vi ser fram emot att h\u00f6ra fr\u00e5n dig!<\/p>\n\n<div class=\"wpcf7 no-js\" id=\"wpcf7-f113-o3\" lang=\"sv-SE\" dir=\"ltr\">\n<div class=\"screen-reader-response\"><p role=\"status\" aria-live=\"polite\" aria-atomic=\"true\"><\/p> <ul><\/ul><\/div>\n<form action=\"\/sv\/wp-json\/wp\/v2\/pages\/58#wpcf7-f113-o3\" method=\"post\" class=\"wpcf7-form init\" aria-label=\"Kontaktformul\u00e4r\" novalidate=\"novalidate\" data-status=\"init\">\n<div style=\"display: none;\">\n<input type=\"hidden\" name=\"_wpcf7\" value=\"113\" \/>\n<input type=\"hidden\" name=\"_wpcf7_version\" value=\"5.9.3\" \/>\n<input type=\"hidden\" name=\"_wpcf7_locale\" value=\"sv_SE\" \/>\n<input type=\"hidden\" name=\"_wpcf7_unit_tag\" value=\"wpcf7-f113-o3\" \/>\n<input type=\"hidden\" name=\"_wpcf7_container_post\" value=\"0\" \/>\n<input type=\"hidden\" name=\"_wpcf7_posted_data_hash\" value=\"\" \/>\n<\/div>\n<p>Ditt namn (obligatorisk)\n<\/p>\n<p><span class=\"wpcf7-form-control-wrap\" data-name=\"your-name\"><input size=\"40\" class=\"wpcf7-form-control wpcf7-text wpcf7-validates-as-required\" aria-required=\"true\" aria-invalid=\"false\" value=\"\" type=\"text\" name=\"your-name\" \/><\/span>\n<\/p>\n<p>Din epost (obligatorisk)\n<\/p>\n<p><span class=\"wpcf7-form-control-wrap\" data-name=\"your-email\"><input size=\"40\" class=\"wpcf7-form-control wpcf7-email wpcf7-validates-as-required wpcf7-text wpcf7-validates-as-email\" aria-required=\"true\" aria-invalid=\"false\" value=\"\" type=\"email\" name=\"your-email\" \/><\/span>\n<\/p>\n<p>\u00c4mne\n<\/p>\n<p><span class=\"wpcf7-form-control-wrap\" data-name=\"your-subject\"><input size=\"40\" class=\"wpcf7-form-control wpcf7-text\" aria-invalid=\"false\" value=\"\" type=\"text\" name=\"your-subject\" \/><\/span>\n<\/p>\n<p>Ditt meddelande\n<\/p>\n<p><span class=\"wpcf7-form-control-wrap\" data-name=\"your-message\"><textarea cols=\"40\" rows=\"10\" class=\"wpcf7-form-control wpcf7-textarea\" aria-invalid=\"false\" name=\"your-message\"><\/textarea><\/span>\n<\/p>\n<p><input type=\"hidden\" name=\"_wpcf7_captcha_challenge_captcha-568\" value=\"2749684602\" \/><img loading=\"lazy\" decoding=\"async\" class=\"wpcf7-form-control wpcf7-captchac wpcf7-captcha-captcha-568\" width=\"84\" height=\"28\" alt=\"captcha\" src=\"https:\/\/shamay.eu\/wp-content\/uploads\/wpcf7_captcha\/2749684602.png\" \/><br \/>\n<span class=\"wpcf7-form-control-wrap\" data-name=\"captcha-568\"><input size=\"40\" class=\"wpcf7-form-control wpcf7-captchar\" autocomplete=\"off\" aria-invalid=\"false\" value=\"\" type=\"text\" name=\"captcha-568\" \/><\/span>\n<\/p>\n<p><input class=\"wpcf7-form-control wpcf7-submit has-spinner\" type=\"submit\" value=\"Skicka\" \/>\n<\/p><div class=\"wpcf7-response-output\" aria-hidden=\"true\"><\/div>\n<\/form>\n<\/div>\n\n<p><\/p>","protected":false},"excerpt":{"rendered":"<p>Tisha och Mayni har permanent mottagning i Malm\u00f6 och erbjuder behandlingar periodsvis i Palma de Mallorca (Spanien). N\u00e4r du kommer till oss personligen kan du f\u00e5 Reikibehandlingar, chakras och \u00e4delstenar, aurahealing och h\u00e4lsocoaching, bland annat. Coaching erbjuds \u00e4ven&#8230; <a class=\"read-more\" href=\"https:\/\/shamay.eu\/sv\/contact\/\">L\u00e4s mer<\/a><\/p>\n","protected":false},"author":1,"featured_media":0,"parent":0,"menu_order":0,"comment_status":"open","ping_status":"open","template":"template-full.php","meta":{"footnotes":""},"_links":{"self":[{"href":"https:\/\/shamay.eu\/sv\/wp-json\/wp\/v2\/pages\/58"}],"collection":[{"href":"https:\/\/shamay.eu\/sv\/wp-json\/wp\/v2\/pages"}],"about":[{"href":"https:\/\/shamay.eu\/sv\/wp-json\/wp\/v2\/types\/page"}],"author":[{"embeddable":true,"href":"https:\/\/shamay.eu\/sv\/wp-json\/wp\/v2\/users\/1"}],"replies":[{"embeddable":true,"href":"https:\/\/shamay.eu\/sv\/wp-json\/wp\/v2\/comments?post=58"}],"version-history":[{"count":22,"href":"https:\/\/shamay.eu\/sv\/wp-json\/wp\/v2\/pages\/58\/revisions"}],"predecessor-version":[{"id":555,"href":"https:\/\/shamay.eu\/sv\/wp-json\/wp\/v2\/pages\/58\/revisions\/555"}],"wp:attachment":[{"href":"https:\/\/shamay.eu\/sv\/wp-json\/wp\/v2\/media?parent=58"}],"curies":[{"name":"wp","href":"https:\/\/api.w.org\/{rel}","templated":true}]}}