{"id":945,"date":"2016-08-23T11:07:43","date_gmt":"2016-08-23T11:07:43","guid":{"rendered":"http:\/\/shamay.eu\/?page_id=945"},"modified":"2016-08-23T17:03:44","modified_gmt":"2016-08-23T17:03:44","slug":"who-is-thomas","status":"publish","type":"page","link":"https:\/\/shamay.eu\/sv\/who-is-thomas\/","title":{"rendered":"Vem \u00e4r Thomas"},"content":{"rendered":"Jag heter Thomas Hartmann och \u00e4r uppvuxen i Stockholm, men flyttade redan 1990 till Sk\u00e5ne, Sveriges sydligaste region. Jag har en vuxen dotter vid namn Jenny fr\u00e5n tidigare \u00e4ktenskap och \u00e4r sedan 2015 gift med Carina Klemetz, f\u00f6dd och uppvuxen p\u00e5 Mallorca. Vi bor i Malm\u00f6 men planerar f\u00f6r att kunna dela v\u00e5r tid mellan Sverige och v\u00e5ra bost\u00e4der i Spanien.<\/p>\n<p>Efter min universitetsutbildning i Stockholm till samh\u00e4llsplanerare, har jag tillbringat ett l\u00e5ngt yrkesliv inom flera branscher och skaffat mig betydande kunskaper och erfarenheter av arbetslivets villkor och organisation, b\u00e5de f\u00f6r den som \u00e4r anst\u00e4lld och f\u00f6r den som bedriver egen verksamhet.<\/p>\n<p>Bland mina \u201dmatnyttiga\u201d kompetenser vill jag s\u00e4rskilt n\u00e4mna:<br \/>\n\u2022 F\u00f6rm\u00e5gan att m\u00f6ta m\u00e4nniskor med k\u00e4rlek och respekt \u2013 att b\u00e5de lyssna, se och f\u00f6rst\u00e5<br \/>\n\u2022 Insikten om betydelsen av att visa entusiasm, engagemang och att ge positiv feedback<br \/>\n\u2022 Konsten att planera, strukturera och kommunicera information<br \/>\n\u2022 Kunskapen om och erfarenheten av att effektivt anv\u00e4nda It-teknologi f\u00f6r att effektisera verksamheter<br \/>\n\u2022 F\u00f6rst\u00e5elsen f\u00f6r att m\u00e5nga av de st\u00f6rsta l\u00e4rdomarna &#8211; b\u00e5de privat och i arbetslivet &#8211; sk\u00f6rdas d\u00e5 vi m\u00f6ter motst\u00e5nd<\/p>\n<p>Mitt yrkesm\u00e4ssiga kunnande har inh\u00e4mtats fr\u00e5n m\u00e5nga h\u00e5ll, d\u00e4r jag g\u00e4rna framh\u00e5ller:<br \/>\n\u2022 Nordiska Institutet f\u00f6r samh\u00e4llsplanering: Projektplanering, utredningsarbete (Stockholm)<br \/>\n\u2022 Arbetsgivarf\u00f6reningen SFO: Projektplanering, IT-samordning (Stockholm)<br \/>\n\u2022 Philips Datasystem: Projektledning, IT-utbildning (Stockholm)<br \/>\n\u2022 Esselte System\/Datasoft: Projektplanering, marknadsf\u00f6ring (Stockholm)<br \/>\n\u2022 Apple Business Center\/Avancera: Projektledning, f\u00f6rs\u00e4ljning (Malm\u00f6)<br \/>\n\u2022 Datahuset: IT-utbildning, f\u00f6rs\u00e4ljning (Kristianstad)<br \/>\n\u2022 LEXICON: Ledarskap, projektledning, IT-utbildning (del\u00e4gare, Kristianstad, Malm\u00f6, Simrishamn)<br \/>\n\u2022 Aff\u00e4rskultur\/Aff\u00e4rskultur IT: Projektledning, IT-utbildning, ledarskap (Kristianstad, H\u00e4ssleholm)<br \/>\n\u2022 Kompetensf\u00f6r\u00e4dling: IT-konsulting, ledarskap, projektledning, entrepren\u00f6rskap (eget f\u00f6retag, Simrishamn)<br \/>\n\u2022 \u00d6sterlen Bredband: IT-utbildning, projektledning (Simrishamn)<br \/>\n\u2022 Simrishamns kommun: IT-utbildning, omsorgsverksamhet (Simrishamn)<br \/>\n\u2022 Kooperativet Lila: Ledarskap, omsorgsverksamhet (Lund)<br \/>\n\u2022 Landskrona Stad: Omsorgsverksamhet (Landskrona)<br \/>\n\u2022 Sydassistans: Omsorgsverksamhet (Malm\u00f6)<br \/>\n\u2022 One2one Education: IT-konsulting, IT-utbildning, projektledning, entrepren\u00f6rskap (eget f\u00f6retag, Malm\u00f6)<br \/>\n\u2022 CoachCompanion: Projektarbete, organisationsutveckling, coaching (Malm\u00f6)<br \/>\n\u2022 Fr\u00e4lsningsarm\u00e9n: Projektledning, IT-ansvar, organisationsutveckling, coaching (Malm\u00f6)<\/p>\n<p>Min roll och mitt uppdrag h\u00e4r inom Holistic Solutions \u00e4r fr\u00e4mst att, som jag sj\u00e4lv uttryckt det p\u00e5 Facebook:<br \/>\n<em>Tr\u00e4na och motivera m\u00e4nniskor i deras str\u00e4van mot ekonomisk frihet &#8211; genom att hitta, f\u00f6rst\u00e5 och till\u00e4mpa de mest effektiva verktygen och metoderna &#8211; f\u00f6r att bygga och st\u00f6dja alla former av aff\u00e4rsm\u00f6jligheter eller projektid\u00e9er som de kan b\u00e4ra p\u00e5.<\/em><\/p>\n<p><strong>V\u00e4gen till lycka och tillfredsst\u00e4llelse handlar i f\u00f6rsta hand om att ha r\u00e4tt \u201dMINDSET\u201d &#8211; d\u00e4r din egen l\u00e4ngtan, din beslutsamhet och tro p\u00e5 den egna f\u00f6rm\u00e5gan &#8211; \u00e4r nycklarna till framg\u00e5ng!<\/strong>","protected":false},"excerpt":{"rendered":"<p>Jag heter Thomas Hartmann och \u00e4r uppvuxen i Stockholm, men flyttade redan 1990 till Sk\u00e5ne, Sveriges sydligaste region. Jag har en vuxen dotter vid namn Jenny fr\u00e5n tidigare \u00e4ktenskap och \u00e4r sedan 2015 gift med Carina Klemetz, f\u00f6dd&#8230; <a class=\"read-more\" href=\"https:\/\/shamay.eu\/sv\/who-is-thomas\/\">L\u00e4s mer<\/a><\/p>\n","protected":false},"author":6,"featured_media":948,"parent":0,"menu_order":0,"comment_status":"closed","ping_status":"closed","template":"","meta":{"footnotes":""},"_links":{"self":[{"href":"https:\/\/shamay.eu\/sv\/wp-json\/wp\/v2\/pages\/945"}],"collection":[{"href":"https:\/\/shamay.eu\/sv\/wp-json\/wp\/v2\/pages"}],"about":[{"href":"https:\/\/shamay.eu\/sv\/wp-json\/wp\/v2\/types\/page"}],"author":[{"embeddable":true,"href":"https:\/\/shamay.eu\/sv\/wp-json\/wp\/v2\/users\/6"}],"replies":[{"embeddable":true,"href":"https:\/\/shamay.eu\/sv\/wp-json\/wp\/v2\/comments?post=945"}],"version-history":[{"count":7,"href":"https:\/\/shamay.eu\/sv\/wp-json\/wp\/v2\/pages\/945\/revisions"}],"predecessor-version":[{"id":967,"href":"https:\/\/shamay.eu\/sv\/wp-json\/wp\/v2\/pages\/945\/revisions\/967"}],"wp:featuredmedia":[{"embeddable":true,"href":"https:\/\/shamay.eu\/sv\/wp-json\/wp\/v2\/media\/948"}],"wp:attachment":[{"href":"https:\/\/shamay.eu\/sv\/wp-json\/wp\/v2\/media?parent=945"}],"curies":[{"name":"wp","href":"https:\/\/api.w.org\/{rel}","templated":true}]}}