{"id":960,"date":"2016-08-23T16:25:19","date_gmt":"2016-08-23T16:25:19","guid":{"rendered":"http:\/\/shamay.eu\/?page_id=960"},"modified":"2016-08-23T16:37:39","modified_gmt":"2016-08-23T16:37:39","slug":"self-sufficiency","status":"publish","type":"page","link":"https:\/\/shamay.eu\/sv\/self-sufficiency\/","title":{"rendered":"Sj\u00e4lvf\u00f6rs\u00f6rjning"},"content":{"rendered":"Vill du kunna hantera din egen och din familjs h\u00e4lsa? Dr\u00f6mmer du om att avskeda din chef och vara finansiellt fri? F\u00f6redrar du att jobba online hemifr\u00e5n? Vi har ett flertal verktyg vi kan dela med oss om, vare sig du redan har ett projekt p\u00e5 g\u00e5ng (som egen f\u00f6retagare, med en butik, med din egen business, mm) eller om du fortfarande s\u00f6ker id\u00e9er.<\/p>\n<p>&nbsp;","protected":false},"excerpt":{"rendered":"<p>Vill du kunna hantera din egen och din familjs h\u00e4lsa? Dr\u00f6mmer du om att avskeda din chef och vara finansiellt fri? F\u00f6redrar du att jobba online hemifr\u00e5n? Vi har ett flertal verktyg vi kan dela med oss om,&#8230; <a class=\"read-more\" href=\"https:\/\/shamay.eu\/sv\/self-sufficiency\/\">L\u00e4s mer<\/a><\/p>\n","protected":false},"author":6,"featured_media":0,"parent":0,"menu_order":0,"comment_status":"closed","ping_status":"closed","template":"","meta":{"footnotes":""},"_links":{"self":[{"href":"https:\/\/shamay.eu\/sv\/wp-json\/wp\/v2\/pages\/960"}],"collection":[{"href":"https:\/\/shamay.eu\/sv\/wp-json\/wp\/v2\/pages"}],"about":[{"href":"https:\/\/shamay.eu\/sv\/wp-json\/wp\/v2\/types\/page"}],"author":[{"embeddable":true,"href":"https:\/\/shamay.eu\/sv\/wp-json\/wp\/v2\/users\/6"}],"replies":[{"embeddable":true,"href":"https:\/\/shamay.eu\/sv\/wp-json\/wp\/v2\/comments?post=960"}],"version-history":[{"count":2,"href":"https:\/\/shamay.eu\/sv\/wp-json\/wp\/v2\/pages\/960\/revisions"}],"predecessor-version":[{"id":962,"href":"https:\/\/shamay.eu\/sv\/wp-json\/wp\/v2\/pages\/960\/revisions\/962"}],"wp:attachment":[{"href":"https:\/\/shamay.eu\/sv\/wp-json\/wp\/v2\/media?parent=960"}],"curies":[{"name":"wp","href":"https:\/\/api.w.org\/{rel}","templated":true}]}}